{"id":8894,"date":"2022-07-06T22:33:26","date_gmt":"2022-07-06T22:33:26","guid":{"rendered":"https:\/\/bodegaloscerrosdesanjuan.com\/?post_type=product&#038;p=8894"},"modified":"2025-09-16T10:52:02","modified_gmt":"2025-09-16T13:52:02","slug":"pentavarietal","status":"publish","type":"product","link":"https:\/\/bodegaloscerrosdesanjuan.com\/pt\/produto\/pentavarietal\/","title":{"rendered":"Pentavarietal"},"content":{"rendered":"<div data-elementor-type=\"wp-post\" data-elementor-id=\"8894\" class=\"elementor elementor-8894\">\n\t\t\t\t\t\t<section class=\"wd-negative-gap elementor-section elementor-top-section elementor-element elementor-element-65555ce wd-section-stretch elementor-section-content-middle elementor-section-boxed elementor-section-height-default elementor-section-height-default\" data-id=\"65555ce\" data-element_type=\"section\" data-e-type=\"section\" data-settings=\"{&quot;background_background&quot;:&quot;classic&quot;}\">\n\t\t\t\t\t\t<div class=\"elementor-container elementor-column-gap-default\">\n\t\t\t\t\t<div class=\"elementor-column elementor-col-50 elementor-top-column elementor-element elementor-element-58de2a8f text-center\" data-id=\"58de2a8f\" data-element_type=\"column\" data-e-type=\"column\">\n\t\t\t<div class=\"elementor-widget-wrap elementor-element-populated\">\n\t\t\t\t\t\t<div class=\"elementor-element elementor-element-769fec72 wd-width-100 elementor-widget elementor-widget-wd_title\" data-id=\"769fec72\" data-element_type=\"widget\" data-e-type=\"widget\" data-widget_type=\"wd_title.default\">\n\t\t\t\t<div class=\"elementor-widget-container\">\n\t\t\t\t\t\t\t<div class=\"title-wrapper wd-set-mb reset-last-child wd-title-color-default wd-title-style-default wd-title-size-extra-large text-center\">\n\n\t\t\t\t\t\t\t\t\t\t\t<div class=\"title-subtitle subtitle-color-default subtitle-style-default wd-fontsize-m\">\n\t\t\t\t\tPENTAVARIETAL<br \/>\n\t\t\t\t<\/div>\n\t\t\t\n\t\t\t<div class=\"liner-continer\">\n\t\t\t\t<h4 class=\"woodmart-title-container title wd-fontsize-xxxl\">Vinifica\u00e7\u00e3o (Elabora\u00e7\u00e3o):<\/h4> \n\t\t\t\t\t\t\t<\/div>\n\n\t\t\t\t\t\t\t<div class=\"title-after_title reset-last-child wd-fontsize-s\">\n\t\t\t\t\t<p>Com sele\u00e7\u00e3o de cachos, prensagem, resfriamento, encubagem e fermenta\u00e7\u00e3o em\ntulipas a temperaturas controladas e com leveduras nativas de nossos vinhedos\nde Los Cerros de San Juan.<br \/>Finalizada a FA (fermenta\u00e7\u00e3o alco\u00f3lica) e antes da fermenta\u00e7\u00e3o malol\u00e1tica,\npassam para barricas novas de carvalho franc\u00eas, onde controlamos a FM\n(fermenta\u00e7\u00e3o malol\u00e1tica) natural e permanecem ali por 12 meses.<br \/>Ap\u00f3s este tempo, realiza-se o blend, engarrafa-se e estagia em garrafa por mais\n12 meses antes da rotulagem para o consumo.<\/p>\t\t\t\t<\/div>\n\t\t\t\t\t<\/div>\n\t\t\t\t\t\t<\/div>\n\t\t\t\t<\/div>\n\t\t\t\t<div class=\"elementor-element elementor-element-14767063 wd-width-100 elementor-widget elementor-widget-wd_title\" data-id=\"14767063\" data-element_type=\"widget\" data-e-type=\"widget\" data-widget_type=\"wd_title.default\">\n\t\t\t\t<div class=\"elementor-widget-container\">\n\t\t\t\t\t\t\t<div class=\"title-wrapper wd-set-mb reset-last-child wd-title-color-default wd-title-style-default wd-title-size-extra-large text-center\">\n\n\t\t\t\t\t\t\t\t\t\t\t<div class=\"title-subtitle subtitle-color-default subtitle-style-default wd-fontsize-m\">\n\t\t\t\t\t<br \/>\n\t\t\t\t<\/div>\n\t\t\t\n\t\t\t<div class=\"liner-continer\">\n\t\t\t\t<h4 class=\"woodmart-title-container title wd-fontsize-xxxl\">Sugest\u00f5es de Harmoniza\u00e7\u00e3o:<\/h4> \n\t\t\t\t\t\t\t<\/div>\n\n\t\t\t\t\t\t\t<div class=\"title-after_title reset-last-child wd-fontsize-s\">\n\t\t\t\t\t<p>Para compartilhar as melhores carnes uruguaias e celebrar grandes momentos.<\/p>\t\t\t\t<\/div>\n\t\t\t\t\t<\/div>\n\t\t\t\t\t\t<\/div>\n\t\t\t\t<\/div>\n\t\t\t\t<div class=\"elementor-element elementor-element-1e049a47 wd-width-100 elementor-widget elementor-widget-wd_title\" data-id=\"1e049a47\" data-element_type=\"widget\" data-e-type=\"widget\" data-widget_type=\"wd_title.default\">\n\t\t\t\t<div class=\"elementor-widget-container\">\n\t\t\t\t\t\t\t<div class=\"title-wrapper wd-set-mb reset-last-child wd-title-color-default wd-title-style-default wd-title-size-extra-large text-center\">\n\n\t\t\t\t\t\t\t\t\t\t\t<div class=\"title-subtitle subtitle-color-default subtitle-style-default wd-fontsize-m\">\n\t\t\t\t\t<br \/>\n\t\t\t\t<\/div>\n\t\t\t\n\t\t\t<div class=\"liner-continer\">\n\t\t\t\t<h4 class=\"woodmart-title-container title wd-fontsize-xxxl\">Dados Anal\u00edticos:<\/h4> \n\t\t\t\t\t\t\t<\/div>\n\n\t\t\t\t\t\t\t<div class=\"title-after_title reset-last-child wd-fontsize-s\">\n\t\t\t\t\t<p>Alcohol: 13.3%<br \/>pH: 3,8<\/p>\t\t\t\t<\/div>\n\t\t\t\t\t<\/div>\n\t\t\t\t\t\t<\/div>\n\t\t\t\t<\/div>\n\t\t\t\t\t<\/div>\n\t\t<\/div>\n\t\t\t\t<div class=\"elementor-column elementor-col-50 elementor-top-column elementor-element elementor-element-5377c1f4\" data-id=\"5377c1f4\" data-element_type=\"column\" data-e-type=\"column\">\n\t\t\t<div class=\"elementor-widget-wrap elementor-element-populated\">\n\t\t\t\t\t\t<div class=\"elementor-element elementor-element-7f048f6 wd-width-100 elementor-widget elementor-widget-wd_images_gallery\" data-id=\"7f048f6\" data-element_type=\"widget\" data-e-type=\"widget\" data-widget_type=\"wd_images_gallery.default\">\n\t\t\t\t<div class=\"elementor-widget-container\">\n\t\t\t\t\t\t\t<div class=\"wd-images-gallery photoswipe-images\" style=\"--wd-align-items:center; --wd-justify-content:center;\">\n\t\t\t\t\t\t<div class=\"wd-grid-g\" style=\"--wd-col-lg:1;--wd-col-md:1;--wd-col-sm:1;--wd-gap-lg:0px;\" >\n\t\t\t\t\t\t\t\t\t\t\t\t\t\t\t\t\t\t<div class=\"wd-gallery-item wd-col\">\n\t\t\t\t\t\t\t\t\t\t\t\t\t<a  href=\"https:\/\/bodegaloscerrosdesanjuan.com\/wp-content\/uploads\/2022\/08\/Pentavarietal-\u2013-Un-blend-con-lo-mejor-de-lo-mejor-2.jpg\" data-width=\"1189\" data-height=\"664\" data-index=\"1\" data-elementor-open-lightbox=\"no\">\n\t\t\t\t\t\t\n\t\t\t\t\t\t<img loading=\"lazy\" decoding=\"async\" width=\"1189\" height=\"664\" src=\"https:\/\/bodegaloscerrosdesanjuan.com\/wp-content\/uploads\/2022\/08\/Pentavarietal-\u2013-Un-blend-con-lo-mejor-de-lo-mejor-2.jpg\" class=\"attachment-large size-large\" alt=\"Pentavarietal-\u2013-Un-blend-con-lo-mejor-de-lo-mejor-2\" srcset=\"https:\/\/bodegaloscerrosdesanjuan.com\/wp-content\/uploads\/2022\/08\/Pentavarietal-\u2013-Un-blend-con-lo-mejor-de-lo-mejor-2.jpg 1189w, https:\/\/bodegaloscerrosdesanjuan.com\/wp-content\/uploads\/2022\/08\/Pentavarietal-\u2013-Un-blend-con-lo-mejor-de-lo-mejor-2-400x223.jpg 400w, https:\/\/bodegaloscerrosdesanjuan.com\/wp-content\/uploads\/2022\/08\/Pentavarietal-\u2013-Un-blend-con-lo-mejor-de-lo-mejor-2-768x429.jpg 768w, https:\/\/bodegaloscerrosdesanjuan.com\/wp-content\/uploads\/2022\/08\/Pentavarietal-\u2013-Un-blend-con-lo-mejor-de-lo-mejor-2-860x480.jpg 860w, https:\/\/bodegaloscerrosdesanjuan.com\/wp-content\/uploads\/2022\/08\/Pentavarietal-\u2013-Un-blend-con-lo-mejor-de-lo-mejor-2-430x240.jpg 430w, https:\/\/bodegaloscerrosdesanjuan.com\/wp-content\/uploads\/2022\/08\/Pentavarietal-\u2013-Un-blend-con-lo-mejor-de-lo-mejor-2-700x391.jpg 700w, https:\/\/bodegaloscerrosdesanjuan.com\/wp-content\/uploads\/2022\/08\/Pentavarietal-\u2013-Un-blend-con-lo-mejor-de-lo-mejor-2-150x84.jpg 150w\" sizes=\"auto, (max-width: 1189px) 100vw, 1189px\" \/>\n\t\t\t\t\t\t\t\t\t\t\t\t\t<\/a>\n\t\t\t\t\t\t\t\t\t\t\t<\/div>\n\t\t\t\t\t\t\t\t\t\t\t\t\t\t\t<div class=\"wd-gallery-item wd-col\">\n\t\t\t\t\t\t\t\t\t\t\t\t\t<a  href=\"https:\/\/bodegaloscerrosdesanjuan.com\/wp-content\/uploads\/2022\/08\/Pentavarietal-\u2013-Un-blend-con-lo-mejor-de-lo-mejor.jpg\" data-width=\"1189\" data-height=\"664\" data-index=\"2\" data-elementor-open-lightbox=\"no\">\n\t\t\t\t\t\t\n\t\t\t\t\t\t<img loading=\"lazy\" decoding=\"async\" width=\"1189\" height=\"664\" src=\"https:\/\/bodegaloscerrosdesanjuan.com\/wp-content\/uploads\/2022\/08\/Pentavarietal-\u2013-Un-blend-con-lo-mejor-de-lo-mejor.jpg\" class=\"attachment-large size-large\" alt=\"Pentavarietal-\u2013-Un-blend-con-lo-mejor-de-lo-mejor\" srcset=\"https:\/\/bodegaloscerrosdesanjuan.com\/wp-content\/uploads\/2022\/08\/Pentavarietal-\u2013-Un-blend-con-lo-mejor-de-lo-mejor.jpg 1189w, https:\/\/bodegaloscerrosdesanjuan.com\/wp-content\/uploads\/2022\/08\/Pentavarietal-\u2013-Un-blend-con-lo-mejor-de-lo-mejor-400x223.jpg 400w, https:\/\/bodegaloscerrosdesanjuan.com\/wp-content\/uploads\/2022\/08\/Pentavarietal-\u2013-Un-blend-con-lo-mejor-de-lo-mejor-768x429.jpg 768w, https:\/\/bodegaloscerrosdesanjuan.com\/wp-content\/uploads\/2022\/08\/Pentavarietal-\u2013-Un-blend-con-lo-mejor-de-lo-mejor-860x480.jpg 860w, https:\/\/bodegaloscerrosdesanjuan.com\/wp-content\/uploads\/2022\/08\/Pentavarietal-\u2013-Un-blend-con-lo-mejor-de-lo-mejor-430x240.jpg 430w, https:\/\/bodegaloscerrosdesanjuan.com\/wp-content\/uploads\/2022\/08\/Pentavarietal-\u2013-Un-blend-con-lo-mejor-de-lo-mejor-700x391.jpg 700w, https:\/\/bodegaloscerrosdesanjuan.com\/wp-content\/uploads\/2022\/08\/Pentavarietal-\u2013-Un-blend-con-lo-mejor-de-lo-mejor-150x84.jpg 150w\" sizes=\"auto, (max-width: 1189px) 100vw, 1189px\" \/>\n\t\t\t\t\t\t\t\t\t\t\t\t\t<\/a>\n\t\t\t\t\t\t\t\t\t\t\t<\/div>\n\t\t\t\t\t\t\t\t\t\t\t\t\t<\/div>\n\t\t\t\t\t<\/div>\n\t\t\t\t\t\t<\/div>\n\t\t\t\t<\/div>\n\t\t\t\t\t<\/div>\n\t\t<\/div>\n\t\t\t\t\t<\/div>\n\t\t<\/section>\n\t\t\t\t<\/div>","protected":false},"excerpt":{"rendered":"<p>Os melhores talh\u00f5es do nosso vinhedo de Los Cerros de San Juan, as plantas\nmais antigas, os cuidados culturais mais precisos, buscando a excel\u00eancia.\nConcebido e elaborado em nossas maravilhosas instala\u00e7\u00f5es que mostram o que\nh\u00e1 de mais moderno na ind\u00fastria junto ao maior legado hist\u00f3rico da vitivinicultura\nuruguaia.<br \/>\nNosso hist\u00f3rico \u201cPentavarietal\u201d com a sele\u00e7\u00e3o das melhores barricas de Tannat,\nCabernet Sauvignon, Merlot, Pinot Noir e Tempranillo.<br \/>\npiment\u00e3o doce, com a complexidade proporcionada pelo carvalho virgem. Na\nboca, taninos firmes e maduros, sensa\u00e7\u00f5es de especiarias, frutas vermelhas,\ncassis e a complexidade proporcionada pelo carvalho.<br \/>\nUm vinho \u00fanico!<\/p>","protected":false},"featured_media":8910,"template":"","meta":[],"product_brand":[],"product_cat":[21],"product_tag":[],"class_list":{"0":"post-8894","1":"product","2":"type-product","3":"status-publish","4":"has-post-thumbnail","6":"product_cat-tintos","7":"pa_brand-pentavarietal","8":"pa_tipo-tinto","10":"first","11":"instock","12":"shipping-taxable","13":"product-type-simple"},"_links":{"self":[{"href":"https:\/\/bodegaloscerrosdesanjuan.com\/pt\/wp-json\/wp\/v2\/product\/8894","targetHints":{"allow":["GET"]}}],"collection":[{"href":"https:\/\/bodegaloscerrosdesanjuan.com\/pt\/wp-json\/wp\/v2\/product"}],"about":[{"href":"https:\/\/bodegaloscerrosdesanjuan.com\/pt\/wp-json\/wp\/v2\/types\/product"}],"version-history":[{"count":12,"href":"https:\/\/bodegaloscerrosdesanjuan.com\/pt\/wp-json\/wp\/v2\/product\/8894\/revisions"}],"predecessor-version":[{"id":12162,"href":"https:\/\/bodegaloscerrosdesanjuan.com\/pt\/wp-json\/wp\/v2\/product\/8894\/revisions\/12162"}],"wp:featuredmedia":[{"embeddable":true,"href":"https:\/\/bodegaloscerrosdesanjuan.com\/pt\/wp-json\/wp\/v2\/media\/8910"}],"wp:attachment":[{"href":"https:\/\/bodegaloscerrosdesanjuan.com\/pt\/wp-json\/wp\/v2\/media?parent=8894"}],"wp:term":[{"taxonomy":"product_brand","embeddable":true,"href":"https:\/\/bodegaloscerrosdesanjuan.com\/pt\/wp-json\/wp\/v2\/product_brand?post=8894"},{"taxonomy":"product_cat","embeddable":true,"href":"https:\/\/bodegaloscerrosdesanjuan.com\/pt\/wp-json\/wp\/v2\/product_cat?post=8894"},{"taxonomy":"product_tag","embeddable":true,"href":"https:\/\/bodegaloscerrosdesanjuan.com\/pt\/wp-json\/wp\/v2\/product_tag?post=8894"}],"curies":[{"name":"wp","href":"https:\/\/api.w.org\/{rel}","templated":true}]}}