{"id":8892,"date":"2022-07-06T22:33:25","date_gmt":"2022-07-06T22:33:25","guid":{"rendered":"https:\/\/bodegaloscerrosdesanjuan.com\/?post_type=product&#038;p=8892"},"modified":"2025-09-16T10:40:42","modified_gmt":"2025-09-16T13:40:42","slug":"maderos-tannat","status":"publish","type":"product","link":"https:\/\/bodegaloscerrosdesanjuan.com\/pt\/produto\/maderos-tannat\/","title":{"rendered":"Maderos Tannat"},"content":{"rendered":"<div data-elementor-type=\"wp-post\" data-elementor-id=\"8892\" class=\"elementor elementor-8892\">\n\t\t\t\t\t\t<section class=\"wd-negative-gap elementor-section elementor-top-section elementor-element elementor-element-5cb0f167 wd-section-stretch elementor-section-content-middle elementor-section-boxed elementor-section-height-default elementor-section-height-default\" data-id=\"5cb0f167\" data-element_type=\"section\" data-e-type=\"section\" data-settings=\"{&quot;background_background&quot;:&quot;classic&quot;}\">\n\t\t\t\t\t\t<div class=\"elementor-container elementor-column-gap-default\">\n\t\t\t\t\t<div class=\"elementor-column elementor-col-50 elementor-top-column elementor-element elementor-element-13639be text-center\" data-id=\"13639be\" data-element_type=\"column\" data-e-type=\"column\">\n\t\t\t<div class=\"elementor-widget-wrap elementor-element-populated\">\n\t\t\t\t\t\t<div class=\"elementor-element elementor-element-2e857410 wd-width-100 elementor-widget elementor-widget-wd_title\" data-id=\"2e857410\" data-element_type=\"widget\" data-e-type=\"widget\" data-widget_type=\"wd_title.default\">\n\t\t\t\t<div class=\"elementor-widget-container\">\n\t\t\t\t\t\t\t<div class=\"title-wrapper wd-set-mb reset-last-child wd-title-color-default wd-title-style-default wd-title-size-extra-large text-center\">\n\n\t\t\t\t\t\t\t\t\t\t\t<div class=\"title-subtitle subtitle-color-default subtitle-style-default wd-fontsize-m\">\n\t\t\t\t\tMADEROS TANNAT 2017<br \/>\n\t\t\t\t<\/div>\n\t\t\t\n\t\t\t<div class=\"liner-continer\">\n\t\t\t\t<h4 class=\"woodmart-title-container title wd-fontsize-xxxl\">Vinifica\u00e7\u00e3o (Elabora\u00e7\u00e3o):<\/h4> \n\t\t\t\t\t\t\t<\/div>\n\n\t\t\t\t\t\t\t<div class=\"title-after_title reset-last-child wd-fontsize-s\">\n\t\t\t\t\t<p>Sele\u00e7\u00e3o de cachos, prensagem, resfriamento, encubagem e fermenta\u00e7\u00e3o em\ntulipas a temperaturas controladas e com leveduras nativas de nossos vinhedos.<br \/>Finalizada a fermenta\u00e7\u00e3o alco\u00f3lica e antes da fermenta\u00e7\u00e3o malol\u00e1tica, o vinho\ndescansa por 12 meses em barricas novas de carvalho franc\u00eas, onde controlamos\na fermenta\u00e7\u00e3o malol\u00e1tica natural.<br \/>Ap\u00f3s este tempo, \u00e9 realizado o corte de diferentes barricas, filtrado muito\nsuavemente, engarrafado e estagiado em garrafa por mais 12 meses.<\/p>\t\t\t\t<\/div>\n\t\t\t\t\t<\/div>\n\t\t\t\t\t\t<\/div>\n\t\t\t\t<\/div>\n\t\t\t\t<div class=\"elementor-element elementor-element-5ea7dc12 wd-width-100 elementor-widget elementor-widget-wd_title\" data-id=\"5ea7dc12\" data-element_type=\"widget\" data-e-type=\"widget\" data-widget_type=\"wd_title.default\">\n\t\t\t\t<div class=\"elementor-widget-container\">\n\t\t\t\t\t\t\t<div class=\"title-wrapper wd-set-mb reset-last-child wd-title-color-default wd-title-style-default wd-title-size-extra-large text-center\">\n\n\t\t\t\t\t\t\t\t\t\t\t<div class=\"title-subtitle subtitle-color-default subtitle-style-default wd-fontsize-m\">\n\t\t\t\t\t<br \/>\n\t\t\t\t<\/div>\n\t\t\t\n\t\t\t<div class=\"liner-continer\">\n\t\t\t\t<h4 class=\"woodmart-title-container title wd-fontsize-xxxl\">Sugest\u00f5es de Harmoniza\u00e7\u00e3o:<\/h4> \n\t\t\t\t\t\t\t<\/div>\n\n\t\t\t\t\t\t\t<div class=\"title-after_title reset-last-child wd-fontsize-s\">\n\t\t\t\t\t<p>Todos os tipos de carnes \u2014 assadas, no forno ou cozidas <br \/>queijos gordurosos e\npicantes.<br \/>Se voc\u00ea apenas o compartilhar, certamente ele contar\u00e1 alguma bela hist\u00f3ria,\ndaquelas dos imigrantes que fizeram maravilhas em nossa regi\u00e3o e tornaram o\nUruguai grande. Far\u00e1 voc\u00ea sonhar.<\/p>\t\t\t\t<\/div>\n\t\t\t\t\t<\/div>\n\t\t\t\t\t\t<\/div>\n\t\t\t\t<\/div>\n\t\t\t\t<div class=\"elementor-element elementor-element-19e4aff8 wd-width-100 elementor-widget elementor-widget-wd_title\" data-id=\"19e4aff8\" data-element_type=\"widget\" data-e-type=\"widget\" data-widget_type=\"wd_title.default\">\n\t\t\t\t<div class=\"elementor-widget-container\">\n\t\t\t\t\t\t\t<div class=\"title-wrapper wd-set-mb reset-last-child wd-title-color-default wd-title-style-default wd-title-size-extra-large text-center\">\n\n\t\t\t\t\t\t\t\t\t\t\t<div class=\"title-subtitle subtitle-color-default subtitle-style-default wd-fontsize-m\">\n\t\t\t\t\t<br \/>\n\t\t\t\t<\/div>\n\t\t\t\n\t\t\t<div class=\"liner-continer\">\n\t\t\t\t<h4 class=\"woodmart-title-container title wd-fontsize-xxxl\">Dados Anal\u00edticos:<\/h4> \n\t\t\t\t\t\t\t<\/div>\n\n\t\t\t\t\t\t\t<div class=\"title-after_title reset-last-child wd-fontsize-s\">\n\t\t\t\t\t<p>\u00c1lcool: 13,2%<br \/>pH: 3,82<\/p>\t\t\t\t<\/div>\n\t\t\t\t\t<\/div>\n\t\t\t\t\t\t<\/div>\n\t\t\t\t<\/div>\n\t\t\t\t\t<\/div>\n\t\t<\/div>\n\t\t\t\t<div class=\"elementor-column elementor-col-50 elementor-top-column elementor-element elementor-element-616c0fca\" data-id=\"616c0fca\" data-element_type=\"column\" data-e-type=\"column\">\n\t\t\t<div class=\"elementor-widget-wrap elementor-element-populated\">\n\t\t\t\t\t\t<div class=\"elementor-element elementor-element-fcd32b4 elementor-widget elementor-widget-image\" data-id=\"fcd32b4\" data-element_type=\"widget\" data-e-type=\"widget\" data-widget_type=\"image.default\">\n\t\t\t\t<div class=\"elementor-widget-container\">\n\t\t\t\t\t\t\t\t\t\t\t\t\t\t\t<img loading=\"lazy\" decoding=\"async\" width=\"450\" height=\"800\" src=\"https:\/\/bodegaloscerrosdesanjuan.com\/wp-content\/uploads\/2022\/07\/Maderos-Tannat-2017-450x800.jpg\" class=\"attachment-large size-large wp-image-8908\" alt=\"\" srcset=\"https:\/\/bodegaloscerrosdesanjuan.com\/wp-content\/uploads\/2022\/07\/Maderos-Tannat-2017-450x800.jpg 450w, https:\/\/bodegaloscerrosdesanjuan.com\/wp-content\/uploads\/2022\/07\/Maderos-Tannat-2017-430x764.jpg 430w, https:\/\/bodegaloscerrosdesanjuan.com\/wp-content\/uploads\/2022\/07\/Maderos-Tannat-2017-150x267.jpg 150w, https:\/\/bodegaloscerrosdesanjuan.com\/wp-content\/uploads\/2022\/07\/Maderos-Tannat-2017-169x300.jpg 169w, https:\/\/bodegaloscerrosdesanjuan.com\/wp-content\/uploads\/2022\/07\/Maderos-Tannat-2017.jpg 675w\" sizes=\"auto, (max-width: 450px) 100vw, 450px\" \/>\t\t\t\t\t\t\t\t\t\t\t\t\t\t\t<\/div>\n\t\t\t\t<\/div>\n\t\t\t\t\t<\/div>\n\t\t<\/div>\n\t\t\t\t\t<\/div>\n\t\t<\/section>\n\t\t\t\t<\/div>","protected":false},"excerpt":{"rendered":"<p>Concebemos este vinho desde o vinhedo. Em um lugar muito especial, o talh\u00e3o\n#35 com mais de 20 anos de idade em nossa propriedade Los Cerros. Aqui\nrealizamos trabalhos no vinhedo sempre buscando a excel\u00eancia na poda,\nbrota\u00e7\u00e3o, raleio de cachos e desfolha. Concebido e elaborado em nossas\ninstala\u00e7\u00f5es que mostram o que h\u00e1 de mais moderno na ind\u00fastria junto ao maior\nlegado hist\u00f3rico da vitivinicultura uruguaia.<br \/>\nA variedade emblem\u00e1tica do Uruguai, elaborada em tulipas italianas de pedra e\ncimento que permitem a micro-oxigena\u00e7\u00e3o durante todo o processo de\nfermenta\u00e7\u00e3o e aceleram a matura\u00e7\u00e3o deste grande vinho.<br \/>\nCor vermelha muito intensa com tons azulados. No nariz, aromas de frutas\nvermelhas e pretas, especiarias, cassis e a sutileza do carvalho. Na boca, a\ntextura firme de um expoente que marca presen\u00e7a, preenchendo a boca com\nsensa\u00e7\u00f5es agrad\u00e1veis e um final longo, intenso e \u00fanico. Um vinho com grande\npotencial de guarda.<\/p>","protected":false},"featured_media":12736,"template":"","meta":[],"product_brand":[],"product_cat":[21],"product_tag":[],"class_list":{"0":"post-8892","1":"product","2":"type-product","3":"status-publish","4":"has-post-thumbnail","6":"product_cat-tintos","7":"pa_brand-maderos","8":"pa_tipo-tinto","10":"first","11":"instock","12":"shipping-taxable","13":"product-type-simple"},"_links":{"self":[{"href":"https:\/\/bodegaloscerrosdesanjuan.com\/pt\/wp-json\/wp\/v2\/product\/8892","targetHints":{"allow":["GET"]}}],"collection":[{"href":"https:\/\/bodegaloscerrosdesanjuan.com\/pt\/wp-json\/wp\/v2\/product"}],"about":[{"href":"https:\/\/bodegaloscerrosdesanjuan.com\/pt\/wp-json\/wp\/v2\/types\/product"}],"version-history":[{"count":9,"href":"https:\/\/bodegaloscerrosdesanjuan.com\/pt\/wp-json\/wp\/v2\/product\/8892\/revisions"}],"predecessor-version":[{"id":11840,"href":"https:\/\/bodegaloscerrosdesanjuan.com\/pt\/wp-json\/wp\/v2\/product\/8892\/revisions\/11840"}],"wp:featuredmedia":[{"embeddable":true,"href":"https:\/\/bodegaloscerrosdesanjuan.com\/pt\/wp-json\/wp\/v2\/media\/12736"}],"wp:attachment":[{"href":"https:\/\/bodegaloscerrosdesanjuan.com\/pt\/wp-json\/wp\/v2\/media?parent=8892"}],"wp:term":[{"taxonomy":"product_brand","embeddable":true,"href":"https:\/\/bodegaloscerrosdesanjuan.com\/pt\/wp-json\/wp\/v2\/product_brand?post=8892"},{"taxonomy":"product_cat","embeddable":true,"href":"https:\/\/bodegaloscerrosdesanjuan.com\/pt\/wp-json\/wp\/v2\/product_cat?post=8892"},{"taxonomy":"product_tag","embeddable":true,"href":"https:\/\/bodegaloscerrosdesanjuan.com\/pt\/wp-json\/wp\/v2\/product_tag?post=8892"}],"curies":[{"name":"wp","href":"https:\/\/api.w.org\/{rel}","templated":true}]}}