{"id":8890,"date":"2022-07-06T22:33:25","date_gmt":"2022-07-06T22:33:25","guid":{"rendered":"https:\/\/bodegaloscerrosdesanjuan.com\/?post_type=product&#038;p=8890"},"modified":"2025-09-16T11:01:39","modified_gmt":"2025-09-16T14:01:39","slug":"maderos-cabernet-sauvignon","status":"publish","type":"product","link":"https:\/\/bodegaloscerrosdesanjuan.com\/pt\/produto\/maderos-cabernet-sauvignon\/","title":{"rendered":"Maderos Cabernet Sauvignon"},"content":{"rendered":"<div data-elementor-type=\"wp-post\" data-elementor-id=\"8890\" class=\"elementor elementor-8890\">\n\t\t\t\t\t\t<section class=\"wd-negative-gap elementor-section elementor-top-section elementor-element elementor-element-465a00ea wd-section-stretch elementor-section-content-middle elementor-section-boxed elementor-section-height-default elementor-section-height-default\" data-id=\"465a00ea\" data-element_type=\"section\" data-e-type=\"section\" data-settings=\"{&quot;background_background&quot;:&quot;classic&quot;}\">\n\t\t\t\t\t\t<div class=\"elementor-container elementor-column-gap-default\">\n\t\t\t\t\t<div class=\"elementor-column elementor-col-50 elementor-top-column elementor-element elementor-element-789bf24d text-center\" data-id=\"789bf24d\" data-element_type=\"column\" data-e-type=\"column\">\n\t\t\t<div class=\"elementor-widget-wrap elementor-element-populated\">\n\t\t\t\t\t\t<div class=\"elementor-element elementor-element-18b12972 wd-width-100 elementor-widget elementor-widget-wd_title\" data-id=\"18b12972\" data-element_type=\"widget\" data-e-type=\"widget\" data-widget_type=\"wd_title.default\">\n\t\t\t\t<div class=\"elementor-widget-container\">\n\t\t\t\t\t\t\t<div class=\"title-wrapper wd-set-mb reset-last-child wd-title-color-default wd-title-style-default wd-title-size-extra-large text-center\">\n\n\t\t\t\t\t\t\t\t\t\t\t<div class=\"title-subtitle subtitle-color-default subtitle-style-default wd-fontsize-m\">\n\t\t\t\t\tMADEROS CABERNET SAUVIGNON 2017\t\t\t\t<\/div>\n\t\t\t\n\t\t\t<div class=\"liner-continer\">\n\t\t\t\t<h4 class=\"woodmart-title-container title wd-fontsize-xxxl\">Vinifica\u00e7\u00e3o (Elabora\u00e7\u00e3o):<\/h4> \n\t\t\t\t\t\t\t<\/div>\n\n\t\t\t\t\t\t\t<div class=\"title-after_title reset-last-child wd-fontsize-s\">\n\t\t\t\t\t<p>Sele\u00e7\u00e3o de cachos, prensagem, resfriamento, encubagem e fermenta\u00e7\u00e3o em\ntulipas a temperaturas controladas e com leveduras nativas de nossos vinhedos.<br \/>Finalizada a fermenta\u00e7\u00e3o alco\u00f3lica e antes da malol\u00e1tica, os vinhos descansam\npor 12 meses em barricas novas de carvalho franc\u00eas, onde controlamos a\nfermenta\u00e7\u00e3o malol\u00e1tica natural.<br \/>Ap\u00f3s este tempo, realiza-se o corte, filtra-se muito suavemente, engarrafa-se e\nestagia em garrafa por mais 12 meses.<\/p>\t\t\t\t<\/div>\n\t\t\t\t\t<\/div>\n\t\t\t\t\t\t<\/div>\n\t\t\t\t<\/div>\n\t\t\t\t<div class=\"elementor-element elementor-element-11ba5a9e wd-width-100 elementor-widget elementor-widget-wd_title\" data-id=\"11ba5a9e\" data-element_type=\"widget\" data-e-type=\"widget\" data-widget_type=\"wd_title.default\">\n\t\t\t\t<div class=\"elementor-widget-container\">\n\t\t\t\t\t\t\t<div class=\"title-wrapper wd-set-mb reset-last-child wd-title-color-default wd-title-style-default wd-title-size-extra-large text-center\">\n\n\t\t\t\t\t\t\t\t\t\t\t<div class=\"title-subtitle subtitle-color-default subtitle-style-default wd-fontsize-m\">\n\t\t\t\t\t<br \/>\n\t\t\t\t<\/div>\n\t\t\t\n\t\t\t<div class=\"liner-continer\">\n\t\t\t\t<h4 class=\"woodmart-title-container title wd-fontsize-xxxl\">Sugest\u00f5es de Harmoniza\u00e7\u00e3o:<\/h4> \n\t\t\t\t\t\t\t<\/div>\n\n\t\t\t\t\t\t\t<div class=\"title-after_title reset-last-child wd-fontsize-s\">\n\t\t\t\t\t<p>Todos os tipos de carnes \u2014 assadas, no forno ou cozidas. Tamb\u00e9m \u00e9 ideal para\nacompanhar queijos gordurosos e picantes.<br \/>Um vinho para compartilhar grandes momentos.<\/p>\t\t\t\t<\/div>\n\t\t\t\t\t<\/div>\n\t\t\t\t\t\t<\/div>\n\t\t\t\t<\/div>\n\t\t\t\t<div class=\"elementor-element elementor-element-4ebf966a wd-width-100 elementor-widget elementor-widget-wd_title\" data-id=\"4ebf966a\" data-element_type=\"widget\" data-e-type=\"widget\" data-widget_type=\"wd_title.default\">\n\t\t\t\t<div class=\"elementor-widget-container\">\n\t\t\t\t\t\t\t<div class=\"title-wrapper wd-set-mb reset-last-child wd-title-color-default wd-title-style-default wd-title-size-extra-large text-center\">\n\n\t\t\t\t\t\t\t\t\t\t\t<div class=\"title-subtitle subtitle-color-default subtitle-style-default wd-fontsize-m\">\n\t\t\t\t\t<br \/>\n\t\t\t\t<\/div>\n\t\t\t\n\t\t\t<div class=\"liner-continer\">\n\t\t\t\t<h4 class=\"woodmart-title-container title wd-fontsize-xxxl\">Dados Anal\u00edticos:<\/h4> \n\t\t\t\t\t\t\t<\/div>\n\n\t\t\t\t\t\t\t<div class=\"title-after_title reset-last-child wd-fontsize-s\">\n\t\t\t\t\t<p>\u00c1lcool: 13,2%<br \/>pH: 3,8<\/p>\t\t\t\t<\/div>\n\t\t\t\t\t<\/div>\n\t\t\t\t\t\t<\/div>\n\t\t\t\t<\/div>\n\t\t\t\t\t<\/div>\n\t\t<\/div>\n\t\t\t\t<div class=\"elementor-column elementor-col-50 elementor-top-column elementor-element elementor-element-14772583\" data-id=\"14772583\" data-element_type=\"column\" data-e-type=\"column\">\n\t\t\t<div class=\"elementor-widget-wrap elementor-element-populated\">\n\t\t\t\t\t\t<div class=\"elementor-element elementor-element-46b4fe42 elementor-widget elementor-widget-image\" data-id=\"46b4fe42\" data-element_type=\"widget\" data-e-type=\"widget\" data-widget_type=\"image.default\">\n\t\t\t\t<div class=\"elementor-widget-container\">\n\t\t\t\t\t\t\t\t\t\t\t\t\t\t\t<img loading=\"lazy\" decoding=\"async\" width=\"450\" height=\"800\" src=\"https:\/\/bodegaloscerrosdesanjuan.com\/wp-content\/uploads\/2022\/07\/Maderos-Cabernet-Sauvignon-2017-450x800.jpg\" class=\"attachment-large size-large wp-image-8906\" alt=\"\" srcset=\"https:\/\/bodegaloscerrosdesanjuan.com\/wp-content\/uploads\/2022\/07\/Maderos-Cabernet-Sauvignon-2017-450x800.jpg 450w, https:\/\/bodegaloscerrosdesanjuan.com\/wp-content\/uploads\/2022\/07\/Maderos-Cabernet-Sauvignon-2017-430x764.jpg 430w, https:\/\/bodegaloscerrosdesanjuan.com\/wp-content\/uploads\/2022\/07\/Maderos-Cabernet-Sauvignon-2017-150x267.jpg 150w, https:\/\/bodegaloscerrosdesanjuan.com\/wp-content\/uploads\/2022\/07\/Maderos-Cabernet-Sauvignon-2017-169x300.jpg 169w, https:\/\/bodegaloscerrosdesanjuan.com\/wp-content\/uploads\/2022\/07\/Maderos-Cabernet-Sauvignon-2017.jpg 675w\" sizes=\"auto, (max-width: 450px) 100vw, 450px\" \/>\t\t\t\t\t\t\t\t\t\t\t\t\t\t\t<\/div>\n\t\t\t\t<\/div>\n\t\t\t\t\t<\/div>\n\t\t<\/div>\n\t\t\t\t\t<\/div>\n\t\t<\/section>\n\t\t\t\t<\/div>","protected":false},"excerpt":{"rendered":"<p>Concebemos este vinho desde o vinhedo. A partir de vinhas com mais de 25 anos\nde idade no talh\u00e3o #3 de nossa Finca Los Cerros, onde realizamos trabalhos no\nvinhedo buscando a excel\u00eancia na poda, brota\u00e7\u00e3o, raleio de cachos e desfolha.\nConcebido e elaborado em nossas instala\u00e7\u00f5es que mostram o que h\u00e1 de mais\nmoderno na ind\u00fastria junto ao maior legado hist\u00f3rico da vitivinicultura uruguaia.<br \/>\nUma das variedades com mais hist\u00f3ria no mundo do vinho. Elaborado em tulipas\nitalianas que permitem a micro-oxigena\u00e7\u00e3o durante todo o processo de\nfermenta\u00e7\u00e3o e aceleram a matura\u00e7\u00e3o deste grande vinho.<br \/>\nCor vermelha muito intensa com tons viol\u00e1ceos. No nariz, aromas de frutas\nvermelhas, pimenta, piment\u00e3o doce, cassis e a sutileza do carvalho. Na boca\napresenta texturas significativas, taninos firmes e maduros, sensa\u00e7\u00f5es de\nespeciarias, complexado com a presen\u00e7a exata do carvalho, preenchendo a boca\ncom sensa\u00e7\u00f5es agrad\u00e1veis. Um vinho especial com grande potencial de guarda.<\/p>","protected":false},"featured_media":12735,"template":"","meta":[],"product_brand":[],"product_cat":[21],"product_tag":[],"class_list":{"0":"post-8890","1":"product","2":"type-product","3":"status-publish","4":"has-post-thumbnail","6":"product_cat-tintos","7":"pa_brand-maderos","8":"pa_tipo-tinto","10":"first","11":"instock","12":"shipping-taxable","13":"product-type-simple"},"_links":{"self":[{"href":"https:\/\/bodegaloscerrosdesanjuan.com\/pt\/wp-json\/wp\/v2\/product\/8890","targetHints":{"allow":["GET"]}}],"collection":[{"href":"https:\/\/bodegaloscerrosdesanjuan.com\/pt\/wp-json\/wp\/v2\/product"}],"about":[{"href":"https:\/\/bodegaloscerrosdesanjuan.com\/pt\/wp-json\/wp\/v2\/types\/product"}],"version-history":[{"count":12,"href":"https:\/\/bodegaloscerrosdesanjuan.com\/pt\/wp-json\/wp\/v2\/product\/8890\/revisions"}],"predecessor-version":[{"id":11842,"href":"https:\/\/bodegaloscerrosdesanjuan.com\/pt\/wp-json\/wp\/v2\/product\/8890\/revisions\/11842"}],"wp:featuredmedia":[{"embeddable":true,"href":"https:\/\/bodegaloscerrosdesanjuan.com\/pt\/wp-json\/wp\/v2\/media\/12735"}],"wp:attachment":[{"href":"https:\/\/bodegaloscerrosdesanjuan.com\/pt\/wp-json\/wp\/v2\/media?parent=8890"}],"wp:term":[{"taxonomy":"product_brand","embeddable":true,"href":"https:\/\/bodegaloscerrosdesanjuan.com\/pt\/wp-json\/wp\/v2\/product_brand?post=8890"},{"taxonomy":"product_cat","embeddable":true,"href":"https:\/\/bodegaloscerrosdesanjuan.com\/pt\/wp-json\/wp\/v2\/product_cat?post=8890"},{"taxonomy":"product_tag","embeddable":true,"href":"https:\/\/bodegaloscerrosdesanjuan.com\/pt\/wp-json\/wp\/v2\/product_tag?post=8890"}],"curies":[{"name":"wp","href":"https:\/\/api.w.org\/{rel}","templated":true}]}}