{"id":11720,"date":"2023-08-19T19:40:30","date_gmt":"2023-08-19T19:40:30","guid":{"rendered":"https:\/\/bodegaloscerrosdesanjuan.com\/?post_type=product&#038;p=11720"},"modified":"2025-09-16T10:54:24","modified_gmt":"2025-09-16T13:54:24","slug":"cuna-de-piedra-estate-marselan","status":"publish","type":"product","link":"https:\/\/bodegaloscerrosdesanjuan.com\/pt\/produto\/cuna-de-piedra-estate-marselan\/","title":{"rendered":"Cuna de Piedra Estate Marselan"},"content":{"rendered":"<div data-elementor-type=\"wp-post\" data-elementor-id=\"11720\" class=\"elementor elementor-11720\">\n\t\t\t\t\t\t<section class=\"wd-negative-gap elementor-section elementor-top-section elementor-element elementor-element-e2d9037 wd-section-stretch elementor-section-content-middle elementor-section-boxed elementor-section-height-default elementor-section-height-default\" data-id=\"e2d9037\" data-element_type=\"section\" data-e-type=\"section\" data-settings=\"{&quot;background_background&quot;:&quot;classic&quot;}\">\n\t\t\t\t\t\t<div class=\"elementor-container elementor-column-gap-default\">\n\t\t\t\t\t<div class=\"elementor-column elementor-col-50 elementor-top-column elementor-element elementor-element-bf877cf text-center\" data-id=\"bf877cf\" data-element_type=\"column\" data-e-type=\"column\">\n\t\t\t<div class=\"elementor-widget-wrap elementor-element-populated\">\n\t\t\t\t\t\t<div class=\"elementor-element elementor-element-e7390f7 wd-width-100 elementor-widget elementor-widget-wd_title\" data-id=\"e7390f7\" data-element_type=\"widget\" data-e-type=\"widget\" data-widget_type=\"wd_title.default\">\n\t\t\t\t<div class=\"elementor-widget-container\">\n\t\t\t\t\t\t\t<div class=\"title-wrapper wd-set-mb reset-last-child wd-title-color-default wd-title-style-default wd-title-size-extra-large text-center\">\n\n\t\t\t\t\t\t\t\t\t\t\t<div class=\"title-subtitle subtitle-color-default subtitle-style-default wd-fontsize-m\">\n\t\t\t\t\tCUNA DE PIEDRA ESTATE MARSELAN<br \/>\n\t\t\t\t<\/div>\n\t\t\t\n\t\t\t<div class=\"liner-continer\">\n\t\t\t\t<h4 class=\"woodmart-title-container title wd-fontsize-xxxl\">Vinifica\u00e7\u00e3o (Elabora\u00e7\u00e3o):<\/h4> \n\t\t\t\t\t\t\t<\/div>\n\n\t\t\t\t\t\t\t<div class=\"title-after_title reset-last-child wd-fontsize-s\">\n\t\t\t\t\t<p>Tradicional, colheita manual no final de fevereiro. Sele\u00e7\u00e3o de cachos, desengace,\nfermenta\u00e7\u00e3o em temperaturas que n\u00e3o excedem 25\u00b0C, com leveduras\nselecionadas at\u00e9 atingir o m\u00ednimo de a\u00e7\u00facar residual. Em seguida, de forma\nnatural, completa-se a fermenta\u00e7\u00e3o malol\u00e1tica. O vinho continua seu\namadurecimento em novas tulipas italianas, onde sua matura\u00e7\u00e3o \u00e9 acelerada.\nProcede-se ent\u00e3o \u00e0 estabiliza\u00e7\u00e3o, filtragem suave e engarrafamento, com 6 meses\nde matura\u00e7\u00e3o em garrafa.<\/p>\t\t\t\t<\/div>\n\t\t\t\t\t<\/div>\n\t\t\t\t\t\t<\/div>\n\t\t\t\t<\/div>\n\t\t\t\t<div class=\"elementor-element elementor-element-019ab6b wd-width-100 elementor-widget elementor-widget-wd_title\" data-id=\"019ab6b\" data-element_type=\"widget\" data-e-type=\"widget\" data-widget_type=\"wd_title.default\">\n\t\t\t\t<div class=\"elementor-widget-container\">\n\t\t\t\t\t\t\t<div class=\"title-wrapper wd-set-mb reset-last-child wd-title-color-default wd-title-style-default wd-title-size-extra-large text-center\">\n\n\t\t\t\t\t\t\t\t\t\t\t<div class=\"title-subtitle subtitle-color-default subtitle-style-default wd-fontsize-m\">\n\t\t\t\t\t<br \/>\n\t\t\t\t<\/div>\n\t\t\t\n\t\t\t<div class=\"liner-continer\">\n\t\t\t\t<h4 class=\"woodmart-title-container title wd-fontsize-xxxl\">Sugest\u00f5es de Harmoniza\u00e7\u00e3o:<\/h4> \n\t\t\t\t\t\t\t<\/div>\n\n\t\t\t\t\t\t\t<div class=\"title-after_title reset-last-child wd-fontsize-s\">\n\t\t\t\t\t<p>Queijos picantes, massas com molhos fortes e\ncarnes grelhadas.<\/p>\t\t\t\t<\/div>\n\t\t\t\t\t<\/div>\n\t\t\t\t\t\t<\/div>\n\t\t\t\t<\/div>\n\t\t\t\t<div class=\"elementor-element elementor-element-b1328ea wd-width-100 elementor-widget elementor-widget-wd_title\" data-id=\"b1328ea\" data-element_type=\"widget\" data-e-type=\"widget\" data-widget_type=\"wd_title.default\">\n\t\t\t\t<div class=\"elementor-widget-container\">\n\t\t\t\t\t\t\t<div class=\"title-wrapper wd-set-mb reset-last-child wd-title-color-default wd-title-style-default wd-title-size-extra-large text-center\">\n\n\t\t\t\t\t\t\t\t\t\t\t<div class=\"title-subtitle subtitle-color-default subtitle-style-default wd-fontsize-m\">\n\t\t\t\t\t<br \/>\n\t\t\t\t<\/div>\n\t\t\t\n\t\t\t<div class=\"liner-continer\">\n\t\t\t\t<h4 class=\"woodmart-title-container title wd-fontsize-xxxl\">Dados Anal\u00edticos:<\/h4> \n\t\t\t\t\t\t\t<\/div>\n\n\t\t\t\t\t\t\t<div class=\"title-after_title reset-last-child wd-fontsize-s\">\n\t\t\t\t\t<p>\u00c1lcool: 13,8%<br \/>A\u00e7\u00facar: 2,8 g\/l<br \/>pH: 3,7<\/p>\t\t\t\t<\/div>\n\t\t\t\t\t<\/div>\n\t\t\t\t\t\t<\/div>\n\t\t\t\t<\/div>\n\t\t\t\t\t<\/div>\n\t\t<\/div>\n\t\t\t\t<div class=\"elementor-column elementor-col-50 elementor-top-column elementor-element elementor-element-7f59c59\" data-id=\"7f59c59\" data-element_type=\"column\" data-e-type=\"column\">\n\t\t\t<div class=\"elementor-widget-wrap elementor-element-populated\">\n\t\t\t\t\t\t<div class=\"elementor-element elementor-element-2b8b73c elementor-widget elementor-widget-image\" data-id=\"2b8b73c\" data-element_type=\"widget\" data-e-type=\"widget\" data-widget_type=\"image.default\">\n\t\t\t\t<div class=\"elementor-widget-container\">\n\t\t\t\t\t\t\t\t\t\t\t\t\t\t\t<img loading=\"lazy\" decoding=\"async\" width=\"450\" height=\"800\" src=\"https:\/\/bodegaloscerrosdesanjuan.com\/wp-content\/uploads\/2023\/08\/Cuna-de-piedra-Estate-Marselan-450x800.jpg\" class=\"attachment-large size-large wp-image-11931\" alt=\"\" srcset=\"https:\/\/bodegaloscerrosdesanjuan.com\/wp-content\/uploads\/2023\/08\/Cuna-de-piedra-Estate-Marselan-450x800.jpg 450w, https:\/\/bodegaloscerrosdesanjuan.com\/wp-content\/uploads\/2023\/08\/Cuna-de-piedra-Estate-Marselan-169x300.jpg 169w, https:\/\/bodegaloscerrosdesanjuan.com\/wp-content\/uploads\/2023\/08\/Cuna-de-piedra-Estate-Marselan-430x764.jpg 430w, https:\/\/bodegaloscerrosdesanjuan.com\/wp-content\/uploads\/2023\/08\/Cuna-de-piedra-Estate-Marselan-150x267.jpg 150w, https:\/\/bodegaloscerrosdesanjuan.com\/wp-content\/uploads\/2023\/08\/Cuna-de-piedra-Estate-Marselan.jpg 675w\" sizes=\"auto, (max-width: 450px) 100vw, 450px\" \/>\t\t\t\t\t\t\t\t\t\t\t\t\t\t\t<\/div>\n\t\t\t\t<\/div>\n\t\t\t\t\t<\/div>\n\t\t<\/div>\n\t\t\t\t\t<\/div>\n\t\t<\/section>\n\t\t\t\t<\/div>","protected":false},"excerpt":{"rendered":"<p>Nosso vinhedo \u00e9 determinado pela natureza rochosa das colinas, com excelente\ndrenagem, que definem a regi\u00e3o.<\/p>\n<p>No nariz, apresenta aromas doces, frutas vermelhas e minerais. Na boca, taninos\nmacios fundem-se com sabores de frutas vermelhas maduras e especiarias, com\ngrande volume e final longo.<\/p>","protected":false},"featured_media":12747,"template":"","meta":[],"product_brand":[],"product_cat":[21],"product_tag":[],"class_list":{"0":"post-11720","1":"product","2":"type-product","3":"status-publish","4":"has-post-thumbnail","6":"product_cat-tintos","7":"pa_brand-cuna-de-piedra-estate","8":"pa_tipo-tinto","10":"first","11":"instock","12":"shipping-taxable","13":"product-type-simple"},"_links":{"self":[{"href":"https:\/\/bodegaloscerrosdesanjuan.com\/pt\/wp-json\/wp\/v2\/product\/11720","targetHints":{"allow":["GET"]}}],"collection":[{"href":"https:\/\/bodegaloscerrosdesanjuan.com\/pt\/wp-json\/wp\/v2\/product"}],"about":[{"href":"https:\/\/bodegaloscerrosdesanjuan.com\/pt\/wp-json\/wp\/v2\/types\/product"}],"version-history":[{"count":12,"href":"https:\/\/bodegaloscerrosdesanjuan.com\/pt\/wp-json\/wp\/v2\/product\/11720\/revisions"}],"predecessor-version":[{"id":12116,"href":"https:\/\/bodegaloscerrosdesanjuan.com\/pt\/wp-json\/wp\/v2\/product\/11720\/revisions\/12116"}],"wp:featuredmedia":[{"embeddable":true,"href":"https:\/\/bodegaloscerrosdesanjuan.com\/pt\/wp-json\/wp\/v2\/media\/12747"}],"wp:attachment":[{"href":"https:\/\/bodegaloscerrosdesanjuan.com\/pt\/wp-json\/wp\/v2\/media?parent=11720"}],"wp:term":[{"taxonomy":"product_brand","embeddable":true,"href":"https:\/\/bodegaloscerrosdesanjuan.com\/pt\/wp-json\/wp\/v2\/product_brand?post=11720"},{"taxonomy":"product_cat","embeddable":true,"href":"https:\/\/bodegaloscerrosdesanjuan.com\/pt\/wp-json\/wp\/v2\/product_cat?post=11720"},{"taxonomy":"product_tag","embeddable":true,"href":"https:\/\/bodegaloscerrosdesanjuan.com\/pt\/wp-json\/wp\/v2\/product_tag?post=11720"}],"curies":[{"name":"wp","href":"https:\/\/api.w.org\/{rel}","templated":true}]}}