{"id":11661,"date":"2023-08-09T16:24:16","date_gmt":"2023-08-09T16:24:16","guid":{"rendered":"https:\/\/bodegaloscerrosdesanjuan.com\/?post_type=product&#038;p=11661"},"modified":"2025-09-16T10:56:31","modified_gmt":"2025-09-16T13:56:31","slug":"cuna-de-piedra-estate-cabernet-sauvignon","status":"publish","type":"product","link":"https:\/\/bodegaloscerrosdesanjuan.com\/pt\/produto\/cuna-de-piedra-estate-cabernet-sauvignon\/","title":{"rendered":"Cuna de Piedra Estate Cabernet Sauvignon"},"content":{"rendered":"<div data-elementor-type=\"wp-post\" data-elementor-id=\"11661\" class=\"elementor elementor-11661\">\n\t\t\t\t\t\t<section class=\"wd-negative-gap elementor-section elementor-top-section elementor-element elementor-element-0d92927 wd-section-stretch elementor-section-content-middle elementor-section-boxed elementor-section-height-default elementor-section-height-default\" data-id=\"0d92927\" data-element_type=\"section\" data-e-type=\"section\" data-settings=\"{&quot;background_background&quot;:&quot;classic&quot;}\">\n\t\t\t\t\t\t<div class=\"elementor-container elementor-column-gap-default\">\n\t\t\t\t\t<div class=\"elementor-column elementor-col-50 elementor-top-column elementor-element elementor-element-7651052 text-center\" data-id=\"7651052\" data-element_type=\"column\" data-e-type=\"column\">\n\t\t\t<div class=\"elementor-widget-wrap elementor-element-populated\">\n\t\t\t\t\t\t<div class=\"elementor-element elementor-element-03bfa8f wd-width-100 elementor-widget elementor-widget-wd_title\" data-id=\"03bfa8f\" data-element_type=\"widget\" data-e-type=\"widget\" data-widget_type=\"wd_title.default\">\n\t\t\t\t<div class=\"elementor-widget-container\">\n\t\t\t\t\t\t\t<div class=\"title-wrapper wd-set-mb reset-last-child wd-title-color-default wd-title-style-default wd-title-size-extra-large text-center\">\n\n\t\t\t\t\t\t\t\t\t\t\t<div class=\"title-subtitle subtitle-color-default subtitle-style-default wd-fontsize-m\">\n\t\t\t\t\tCUNA DE PIEDRA ESTATE CABERNET SAUVIGNON<br \/>\n<br \/>\n\t\t\t\t<\/div>\n\t\t\t\n\t\t\t<div class=\"liner-continer\">\n\t\t\t\t<h4 class=\"woodmart-title-container title wd-fontsize-xxxl\">Vinifica\u00e7\u00e3o (Elabora\u00e7\u00e3o):<\/h4> \n\t\t\t\t\t\t\t<\/div>\n\n\t\t\t\t\t\t\t<div class=\"title-after_title reset-last-child wd-fontsize-s\">\n\t\t\t\t\t<p>Um vinho de cor vermelho-rubi intenso. Aromas de especiarias com notas de\npimenta, frutas vermelhas como morangos, mirtilos e um toque de alca\u00e7uz. O que\nse percebe na boca \u00e9 id\u00eantico, com taninos potentes, por\u00e9m maduros, complexo e\nnaturalmente fresco.<\/p>\t\t\t\t<\/div>\n\t\t\t\t\t<\/div>\n\t\t\t\t\t\t<\/div>\n\t\t\t\t<\/div>\n\t\t\t\t<div class=\"elementor-element elementor-element-9c077fd wd-width-100 elementor-widget elementor-widget-wd_title\" data-id=\"9c077fd\" data-element_type=\"widget\" data-e-type=\"widget\" data-widget_type=\"wd_title.default\">\n\t\t\t\t<div class=\"elementor-widget-container\">\n\t\t\t\t\t\t\t<div class=\"title-wrapper wd-set-mb reset-last-child wd-title-color-default wd-title-style-default wd-title-size-extra-large text-center\">\n\n\t\t\t\t\t\t\t\t\t\t\t<div class=\"title-subtitle subtitle-color-default subtitle-style-default wd-fontsize-m\">\n\t\t\t\t\t<br \/>\n\t\t\t\t<\/div>\n\t\t\t\n\t\t\t<div class=\"liner-continer\">\n\t\t\t\t<h4 class=\"woodmart-title-container title wd-fontsize-xxxl\">Sugest\u00f5es de Harmoniza\u00e7\u00e3o:<\/h4> \n\t\t\t\t\t\t\t<\/div>\n\n\t\t\t\t\t\t\t<div class=\"title-after_title reset-last-child wd-fontsize-s\">\n\t\t\t\t\t<p>Carnes vermelhas assadas, massas recheadas com molhos fortes e chocolate\namargo.<\/p>\t\t\t\t<\/div>\n\t\t\t\t\t<\/div>\n\t\t\t\t\t\t<\/div>\n\t\t\t\t<\/div>\n\t\t\t\t<div class=\"elementor-element elementor-element-5014ab9 wd-width-100 elementor-widget elementor-widget-wd_title\" data-id=\"5014ab9\" data-element_type=\"widget\" data-e-type=\"widget\" data-widget_type=\"wd_title.default\">\n\t\t\t\t<div class=\"elementor-widget-container\">\n\t\t\t\t\t\t\t<div class=\"title-wrapper wd-set-mb reset-last-child wd-title-color-default wd-title-style-default wd-title-size-extra-large text-center\">\n\n\t\t\t\t\t\t\t\t\t\t\t<div class=\"title-subtitle subtitle-color-default subtitle-style-default wd-fontsize-m\">\n\t\t\t\t\t<br \/>\n\t\t\t\t<\/div>\n\t\t\t\n\t\t\t<div class=\"liner-continer\">\n\t\t\t\t<h4 class=\"woodmart-title-container title wd-fontsize-xxxl\">Dados Anal\u00edticos:<\/h4> \n\t\t\t\t\t\t\t<\/div>\n\n\t\t\t\t\t\t\t<div class=\"title-after_title reset-last-child wd-fontsize-s\">\n\t\t\t\t\t<p>\u00c1lcool: 12,8<br \/>A\u00e7\u00facar: 2,75 g\/l<br \/>pH: 3,7<\/p>\t\t\t\t<\/div>\n\t\t\t\t\t<\/div>\n\t\t\t\t\t\t<\/div>\n\t\t\t\t<\/div>\n\t\t\t\t\t<\/div>\n\t\t<\/div>\n\t\t\t\t<div class=\"elementor-column elementor-col-50 elementor-top-column elementor-element elementor-element-a9a028c\" data-id=\"a9a028c\" data-element_type=\"column\" data-e-type=\"column\">\n\t\t\t<div class=\"elementor-widget-wrap elementor-element-populated\">\n\t\t\t\t\t\t<div class=\"elementor-element elementor-element-cc80fa6 elementor-widget elementor-widget-image\" data-id=\"cc80fa6\" data-element_type=\"widget\" data-e-type=\"widget\" data-widget_type=\"image.default\">\n\t\t\t\t<div class=\"elementor-widget-container\">\n\t\t\t\t\t\t\t\t\t\t\t\t\t\t\t<img loading=\"lazy\" decoding=\"async\" width=\"450\" height=\"800\" src=\"https:\/\/bodegaloscerrosdesanjuan.com\/wp-content\/uploads\/2023\/08\/Cuna-de-piedra-Estate-Cabernet-Sauvignon-450x800.jpg\" class=\"attachment-large size-large wp-image-11662\" alt=\"\" srcset=\"https:\/\/bodegaloscerrosdesanjuan.com\/wp-content\/uploads\/2023\/08\/Cuna-de-piedra-Estate-Cabernet-Sauvignon-450x800.jpg 450w, https:\/\/bodegaloscerrosdesanjuan.com\/wp-content\/uploads\/2023\/08\/Cuna-de-piedra-Estate-Cabernet-Sauvignon-169x300.jpg 169w, https:\/\/bodegaloscerrosdesanjuan.com\/wp-content\/uploads\/2023\/08\/Cuna-de-piedra-Estate-Cabernet-Sauvignon-430x764.jpg 430w, https:\/\/bodegaloscerrosdesanjuan.com\/wp-content\/uploads\/2023\/08\/Cuna-de-piedra-Estate-Cabernet-Sauvignon-150x267.jpg 150w, https:\/\/bodegaloscerrosdesanjuan.com\/wp-content\/uploads\/2023\/08\/Cuna-de-piedra-Estate-Cabernet-Sauvignon.jpg 675w\" sizes=\"auto, (max-width: 450px) 100vw, 450px\" \/>\t\t\t\t\t\t\t\t\t\t\t\t\t\t\t<\/div>\n\t\t\t\t<\/div>\n\t\t\t\t\t<\/div>\n\t\t<\/div>\n\t\t\t\t\t<\/div>\n\t\t<\/section>\n\t\t\t\t<\/div>","protected":false},"excerpt":{"rendered":"<p>As uvas crescem em solo pedregoso que atinge, em conjunto com o clima, a\nmatura\u00e7\u00e3o perfeita. Dos talh\u00f5es 6, 7 e 14, cujos anos de plantio s\u00e3o 1994, 1997 e\n1993, com uma produ\u00e7\u00e3o anual de 6.000 kg\/ha.<\/p>\n<p>Um vinho de cor vermelho-rubi intenso. Aromas de especiarias com notas de\npimenta, frutas vermelhas como morangos, mirtilos e um toque de alca\u00e7uz. O que\nse percebe na boca \u00e9 id\u00eantico, com taninos<\/p>","protected":false},"featured_media":12743,"template":"","meta":[],"product_brand":[],"product_cat":[21],"product_tag":[],"class_list":{"0":"post-11661","1":"product","2":"type-product","3":"status-publish","4":"has-post-thumbnail","6":"product_cat-tintos","7":"pa_brand-cuna-de-piedra-estate","8":"pa_tipo-tinto","10":"first","11":"instock","12":"shipping-taxable","13":"product-type-simple"},"_links":{"self":[{"href":"https:\/\/bodegaloscerrosdesanjuan.com\/pt\/wp-json\/wp\/v2\/product\/11661","targetHints":{"allow":["GET"]}}],"collection":[{"href":"https:\/\/bodegaloscerrosdesanjuan.com\/pt\/wp-json\/wp\/v2\/product"}],"about":[{"href":"https:\/\/bodegaloscerrosdesanjuan.com\/pt\/wp-json\/wp\/v2\/types\/product"}],"version-history":[{"count":7,"href":"https:\/\/bodegaloscerrosdesanjuan.com\/pt\/wp-json\/wp\/v2\/product\/11661\/revisions"}],"predecessor-version":[{"id":12744,"href":"https:\/\/bodegaloscerrosdesanjuan.com\/pt\/wp-json\/wp\/v2\/product\/11661\/revisions\/12744"}],"wp:featuredmedia":[{"embeddable":true,"href":"https:\/\/bodegaloscerrosdesanjuan.com\/pt\/wp-json\/wp\/v2\/media\/12743"}],"wp:attachment":[{"href":"https:\/\/bodegaloscerrosdesanjuan.com\/pt\/wp-json\/wp\/v2\/media?parent=11661"}],"wp:term":[{"taxonomy":"product_brand","embeddable":true,"href":"https:\/\/bodegaloscerrosdesanjuan.com\/pt\/wp-json\/wp\/v2\/product_brand?post=11661"},{"taxonomy":"product_cat","embeddable":true,"href":"https:\/\/bodegaloscerrosdesanjuan.com\/pt\/wp-json\/wp\/v2\/product_cat?post=11661"},{"taxonomy":"product_tag","embeddable":true,"href":"https:\/\/bodegaloscerrosdesanjuan.com\/pt\/wp-json\/wp\/v2\/product_tag?post=11661"}],"curies":[{"name":"wp","href":"https:\/\/api.w.org\/{rel}","templated":true}]}}