{"id":11240,"date":"2023-04-05T17:54:00","date_gmt":"2023-04-05T17:54:00","guid":{"rendered":"https:\/\/bodegaloscerrosdesanjuan.com\/?post_type=product&#038;p=11240"},"modified":"2025-09-16T10:57:11","modified_gmt":"2025-09-16T13:57:11","slug":"cuna-de-piedra-estate-sauvignon-blanc","status":"publish","type":"product","link":"https:\/\/bodegaloscerrosdesanjuan.com\/pt\/produto\/cuna-de-piedra-estate-sauvignon-blanc\/","title":{"rendered":"Cuna de Piedra Estate Sauvignon Blanc"},"content":{"rendered":"<div data-elementor-type=\"wp-post\" data-elementor-id=\"11240\" class=\"elementor elementor-11240\">\n\t\t\t\t\t\t<section class=\"wd-negative-gap elementor-section elementor-top-section elementor-element elementor-element-f4b8412 wd-section-stretch elementor-section-content-middle elementor-section-boxed elementor-section-height-default elementor-section-height-default\" data-id=\"f4b8412\" data-element_type=\"section\" data-e-type=\"section\" data-settings=\"{&quot;background_background&quot;:&quot;classic&quot;}\">\n\t\t\t\t\t\t<div class=\"elementor-container elementor-column-gap-default\">\n\t\t\t\t\t<div class=\"elementor-column elementor-col-50 elementor-top-column elementor-element elementor-element-8a50950 text-center\" data-id=\"8a50950\" data-element_type=\"column\" data-e-type=\"column\">\n\t\t\t<div class=\"elementor-widget-wrap elementor-element-populated\">\n\t\t\t\t\t\t<div class=\"elementor-element elementor-element-09e7e8e wd-width-100 elementor-widget elementor-widget-wd_title\" data-id=\"09e7e8e\" data-element_type=\"widget\" data-e-type=\"widget\" data-widget_type=\"wd_title.default\">\n\t\t\t\t<div class=\"elementor-widget-container\">\n\t\t\t\t\t\t\t<div class=\"title-wrapper wd-set-mb reset-last-child wd-title-color-default wd-title-style-default wd-title-size-extra-large text-center\">\n\n\t\t\t\t\t\t\t\t\t\t\t<div class=\"title-subtitle subtitle-color-default subtitle-style-default wd-fontsize-m\">\n\t\t\t\t\tCUNA DE PIEDRA ESTATE SAUVIGNON BLANC<br \/>\n\t\t\t\t<\/div>\n\t\t\t\n\t\t\t<div class=\"liner-continer\">\n\t\t\t\t<h4 class=\"woodmart-title-container title wd-fontsize-xxxl\">Vinifica\u00e7\u00e3o (Elabora\u00e7\u00e3o):<\/h4> \n\t\t\t\t\t\t\t<\/div>\n\n\t\t\t\t\t\t\t<div class=\"title-after_title reset-last-child wd-fontsize-s\">\n\t\t\t\t\t<p>Tradicional, colheita manual durante os primeiros dias de fevereiro, desengace,\nesmagamento, com uma breve macera\u00e7\u00e3o em prensa pneum\u00e1tica para extrair os\naromas selvagens destas uvas. Uma vez prensado, com muito cuidado em\nrela\u00e7\u00e3o \u00e0 oxida\u00e7\u00e3o, fermenta de forma l\u00edmpida a 15\u00b0C com leveduras\nselecionadas escolhidas para este fim.<\/p>\t\t\t\t<\/div>\n\t\t\t\t\t<\/div>\n\t\t\t\t\t\t<\/div>\n\t\t\t\t<\/div>\n\t\t\t\t<div class=\"elementor-element elementor-element-1204f72 wd-width-100 elementor-widget elementor-widget-wd_title\" data-id=\"1204f72\" data-element_type=\"widget\" data-e-type=\"widget\" data-widget_type=\"wd_title.default\">\n\t\t\t\t<div class=\"elementor-widget-container\">\n\t\t\t\t\t\t\t<div class=\"title-wrapper wd-set-mb reset-last-child wd-title-color-default wd-title-style-default wd-title-size-extra-large text-center\">\n\n\t\t\t\t\t\t\t\t\t\t\t<div class=\"title-subtitle subtitle-color-default subtitle-style-default wd-fontsize-m\">\n\t\t\t\t\t<br \/>\n\t\t\t\t<\/div>\n\t\t\t\n\t\t\t<div class=\"liner-continer\">\n\t\t\t\t<h4 class=\"woodmart-title-container title wd-fontsize-xxxl\">Sugest\u00f5es de Harmoniza\u00e7\u00e3o:<\/h4> \n\t\t\t\t\t\t\t<\/div>\n\n\t\t\t\t\t\t\t<div class=\"title-after_title reset-last-child wd-fontsize-s\">\n\t\t\t\t\t<p>Como aperitivo, com peixe frito, queijos cremosos e gordurosos como Brie ou\nCamembert.<\/p>\t\t\t\t<\/div>\n\t\t\t\t\t<\/div>\n\t\t\t\t\t\t<\/div>\n\t\t\t\t<\/div>\n\t\t\t\t<div class=\"elementor-element elementor-element-39840a4 wd-width-100 elementor-widget elementor-widget-wd_title\" data-id=\"39840a4\" data-element_type=\"widget\" data-e-type=\"widget\" data-widget_type=\"wd_title.default\">\n\t\t\t\t<div class=\"elementor-widget-container\">\n\t\t\t\t\t\t\t<div class=\"title-wrapper wd-set-mb reset-last-child wd-title-color-default wd-title-style-default wd-title-size-extra-large text-center\">\n\n\t\t\t\t\t\t\t\t\t\t\t<div class=\"title-subtitle subtitle-color-default subtitle-style-default wd-fontsize-m\">\n\t\t\t\t\t<br \/>\n\t\t\t\t<\/div>\n\t\t\t\n\t\t\t<div class=\"liner-continer\">\n\t\t\t\t<h4 class=\"woodmart-title-container title wd-fontsize-xxxl\">Dados Anal\u00edticos:<\/h4> \n\t\t\t\t\t\t\t<\/div>\n\n\t\t\t\t\t\t\t<div class=\"title-after_title reset-last-child wd-fontsize-s\">\n\t\t\t\t\t<p>\u00c1lcool: 12,5<br \/>pH: 3,35<\/p>\t\t\t\t<\/div>\n\t\t\t\t\t<\/div>\n\t\t\t\t\t\t<\/div>\n\t\t\t\t<\/div>\n\t\t\t\t\t<\/div>\n\t\t<\/div>\n\t\t\t\t<div class=\"elementor-column elementor-col-50 elementor-top-column elementor-element elementor-element-5c18d0e\" data-id=\"5c18d0e\" data-element_type=\"column\" data-e-type=\"column\">\n\t\t\t<div class=\"elementor-widget-wrap elementor-element-populated\">\n\t\t\t\t\t\t<div class=\"elementor-element elementor-element-1eb9cef elementor-widget elementor-widget-image\" data-id=\"1eb9cef\" data-element_type=\"widget\" data-e-type=\"widget\" data-widget_type=\"image.default\">\n\t\t\t\t<div class=\"elementor-widget-container\">\n\t\t\t\t\t\t\t\t\t\t\t\t\t\t\t<img loading=\"lazy\" decoding=\"async\" width=\"450\" height=\"800\" src=\"https:\/\/bodegaloscerrosdesanjuan.com\/wp-content\/uploads\/2023\/04\/Cuna-de-piedra-estate-sauvignon-blanc-bodega-los-cerros-de-san-juan-450x800.jpg\" class=\"attachment-large size-large wp-image-11253\" alt=\"\" srcset=\"https:\/\/bodegaloscerrosdesanjuan.com\/wp-content\/uploads\/2023\/04\/Cuna-de-piedra-estate-sauvignon-blanc-bodega-los-cerros-de-san-juan-450x800.jpg 450w, https:\/\/bodegaloscerrosdesanjuan.com\/wp-content\/uploads\/2023\/04\/Cuna-de-piedra-estate-sauvignon-blanc-bodega-los-cerros-de-san-juan-169x300.jpg 169w, https:\/\/bodegaloscerrosdesanjuan.com\/wp-content\/uploads\/2023\/04\/Cuna-de-piedra-estate-sauvignon-blanc-bodega-los-cerros-de-san-juan-430x764.jpg 430w, https:\/\/bodegaloscerrosdesanjuan.com\/wp-content\/uploads\/2023\/04\/Cuna-de-piedra-estate-sauvignon-blanc-bodega-los-cerros-de-san-juan-150x267.jpg 150w, https:\/\/bodegaloscerrosdesanjuan.com\/wp-content\/uploads\/2023\/04\/Cuna-de-piedra-estate-sauvignon-blanc-bodega-los-cerros-de-san-juan.jpg 675w\" sizes=\"auto, (max-width: 450px) 100vw, 450px\" \/>\t\t\t\t\t\t\t\t\t\t\t\t\t\t\t<\/div>\n\t\t\t\t<\/div>\n\t\t\t\t\t<\/div>\n\t\t<\/div>\n\t\t\t\t\t<\/div>\n\t\t<\/section>\n\t\t\t\t<\/div>","protected":false},"excerpt":{"rendered":"<p>Em solo com abundante rocha matriz em Los Cerros de San Juan, com\nsignificativo trabalho agron\u00f4mico e vinifica\u00e7\u00e3o consciente, este vinho apresenta\numa express\u00e3o varietal important\u00edssima, com aromas de p\u00eassego branco, grama\nrec\u00e9m-cortada e c\u00edtricos; muito intenso. Na boca \u00e9 frutado, persistente, fresco e\nmineral.<\/p>","protected":false},"featured_media":11253,"template":"","meta":[],"product_brand":[],"product_cat":[54],"product_tag":[],"class_list":{"0":"post-11240","1":"product","2":"type-product","3":"status-publish","4":"has-post-thumbnail","6":"product_cat-blanco","7":"pa_brand-cuna-de-piedra-estate","8":"pa_tipo-blanco","10":"first","11":"instock","12":"shipping-taxable","13":"product-type-simple"},"_links":{"self":[{"href":"https:\/\/bodegaloscerrosdesanjuan.com\/pt\/wp-json\/wp\/v2\/product\/11240","targetHints":{"allow":["GET"]}}],"collection":[{"href":"https:\/\/bodegaloscerrosdesanjuan.com\/pt\/wp-json\/wp\/v2\/product"}],"about":[{"href":"https:\/\/bodegaloscerrosdesanjuan.com\/pt\/wp-json\/wp\/v2\/types\/product"}],"version-history":[{"count":13,"href":"https:\/\/bodegaloscerrosdesanjuan.com\/pt\/wp-json\/wp\/v2\/product\/11240\/revisions"}],"predecessor-version":[{"id":12830,"href":"https:\/\/bodegaloscerrosdesanjuan.com\/pt\/wp-json\/wp\/v2\/product\/11240\/revisions\/12830"}],"wp:featuredmedia":[{"embeddable":true,"href":"https:\/\/bodegaloscerrosdesanjuan.com\/pt\/wp-json\/wp\/v2\/media\/11253"}],"wp:attachment":[{"href":"https:\/\/bodegaloscerrosdesanjuan.com\/pt\/wp-json\/wp\/v2\/media?parent=11240"}],"wp:term":[{"taxonomy":"product_brand","embeddable":true,"href":"https:\/\/bodegaloscerrosdesanjuan.com\/pt\/wp-json\/wp\/v2\/product_brand?post=11240"},{"taxonomy":"product_cat","embeddable":true,"href":"https:\/\/bodegaloscerrosdesanjuan.com\/pt\/wp-json\/wp\/v2\/product_cat?post=11240"},{"taxonomy":"product_tag","embeddable":true,"href":"https:\/\/bodegaloscerrosdesanjuan.com\/pt\/wp-json\/wp\/v2\/product_tag?post=11240"}],"curies":[{"name":"wp","href":"https:\/\/api.w.org\/{rel}","templated":true}]}}