{"id":10932,"date":"2022-09-19T18:44:19","date_gmt":"2022-09-19T18:44:19","guid":{"rendered":"https:\/\/bodegaloscerrosdesanjuan.com\/?post_type=product&#038;p=10932"},"modified":"2025-11-12T12:22:34","modified_gmt":"2025-11-12T15:22:34","slug":"los-cerros-select-visitas-tasting-degustacion-y-almuerzo","status":"publish","type":"product","link":"https:\/\/bodegaloscerrosdesanjuan.com\/pt\/produto\/los-cerros-select-visitas-tasting-degustacion-y-almuerzo\/","title":{"rendered":"LOS CERROS SELECT Visitas, Tasting, Degustaci\u00f3n y Almuerzo"},"content":{"rendered":"","protected":false},"excerpt":{"rendered":"<div class=\"elementor-element elementor-element-c3eff3d color-scheme-inherit text-left elementor-widget elementor-widget-text-editor\" data-id=\"c3eff3d\" data-element_type=\"widget\" data-widget_type=\"text-editor.default\">\n<div class=\"elementor-widget-container\">\n<div class=\"elementor-element elementor-element-7c15472 color-scheme-inherit text-left elementor-widget elementor-widget-text-editor\" data-id=\"7c15472\" data-element_type=\"widget\" data-widget_type=\"text-editor.default\">\n<div class=\"elementor-widget-container\">\n<p class=\"line text-gold\"><span class=\"text-bold text-uppercase\">DESFRUTE DE UMA EXPERI\u00caNCIA EXCLUSIVA COM UMA SELE\u00c7\u00c3O CUIDADA DO MELHOR DE LOS CERROS DE SAN JUAN.<\/span><\/p>\n<p class=\"line text-gold\"><span class=\"text-bold text-uppercase\"> ESTA OPCI\u00d3N ES SOLO PARA GRUPOS REDUCIDOS Y CON RESERVA PREVIA<\/span><\/p>\n<p><span class=\"text-gold text-bold text-uppercase\">\u2022 <strong><span style=\"color: #c2b165;\">VISITA GUIADA PRIVADA<\/span><\/strong><\/span>\u00a0a la bodega con copa de bienvenida de vino espumoso Lahusen Extra Brut Ros\u00e9.<br \/>\n<span class=\"text-gold text-bold text-uppercase\">\u2022 <strong><span style=\"color: #c2b165;\">TASTING<\/span><\/strong><\/span>, en la exclusiva cava subterr\u00e1nea, de 4 vinos de las l\u00edneas de alta gama y cosechas de ediciones especiales.<br \/>\n<span class=\"text-gold text-bold text-uppercase\">\u2022 <strong><span style=\"color: #c2b165;\">DEGUSTACI\u00d3N<\/span><\/strong><\/span>\u00a0de nuestra producci\u00f3n premium de aceites de oliva extra virgen y quesos de oveja.<br \/>\n<span class=\"text-gold text-bold text-uppercase\">\u2022 <strong><span style=\"color: #c2b165;\">ALMUERZO GOURMET DE 4 PASOS<\/span><\/strong><\/span> en el sector privado del restaurante Almac\u00e9n de Piedra con la participaci\u00f3n y explicaci\u00f3n, del chef de la bodega, sobre la elaboraci\u00f3n del men\u00fa de pasos con sus respectivos maridajes.<\/p>\n<blockquote>\n<h5><strong><span class=\"text-bold\">Duraci\u00f3n estimada: 3.30 horas.<\/span><\/strong><\/h5>\n<p class=\"titulo-whatsapp\">Esta experiencia se reserva exclusivamente por WhatsApp al <a href=\"https:\/\/api.whatsapp.com\/send?phone=59891949494\">(+598) 91 949 494<\/a><\/p>\n<p><strong>e-mail:\u00a0<\/strong><a href=\"mailto:reservas@bodegaloscerrosdesanjuan.com\">reservas@bodegaloscerrosdesanjuan.com<\/a><\/p><\/blockquote>\n<\/div>\n<\/div>\n<\/div>\n<\/div>","protected":false},"featured_media":11422,"template":"","meta":[],"product_brand":[],"product_cat":[77],"product_tag":[79],"class_list":{"0":"post-10932","1":"product","2":"type-product","3":"status-publish","4":"has-post-thumbnail","6":"product_cat-experiencias","7":"product_tag-sabados-y-domingos","9":"first","10":"instock","11":"shipping-taxable","12":"purchasable","13":"product-type-simple"},"_links":{"self":[{"href":"https:\/\/bodegaloscerrosdesanjuan.com\/pt\/wp-json\/wp\/v2\/product\/10932","targetHints":{"allow":["GET"]}}],"collection":[{"href":"https:\/\/bodegaloscerrosdesanjuan.com\/pt\/wp-json\/wp\/v2\/product"}],"about":[{"href":"https:\/\/bodegaloscerrosdesanjuan.com\/pt\/wp-json\/wp\/v2\/types\/product"}],"version-history":[{"count":31,"href":"https:\/\/bodegaloscerrosdesanjuan.com\/pt\/wp-json\/wp\/v2\/product\/10932\/revisions"}],"predecessor-version":[{"id":12613,"href":"https:\/\/bodegaloscerrosdesanjuan.com\/pt\/wp-json\/wp\/v2\/product\/10932\/revisions\/12613"}],"wp:featuredmedia":[{"embeddable":true,"href":"https:\/\/bodegaloscerrosdesanjuan.com\/pt\/wp-json\/wp\/v2\/media\/11422"}],"wp:attachment":[{"href":"https:\/\/bodegaloscerrosdesanjuan.com\/pt\/wp-json\/wp\/v2\/media?parent=10932"}],"wp:term":[{"taxonomy":"product_brand","embeddable":true,"href":"https:\/\/bodegaloscerrosdesanjuan.com\/pt\/wp-json\/wp\/v2\/product_brand?post=10932"},{"taxonomy":"product_cat","embeddable":true,"href":"https:\/\/bodegaloscerrosdesanjuan.com\/pt\/wp-json\/wp\/v2\/product_cat?post=10932"},{"taxonomy":"product_tag","embeddable":true,"href":"https:\/\/bodegaloscerrosdesanjuan.com\/pt\/wp-json\/wp\/v2\/product_tag?post=10932"}],"curies":[{"name":"wp","href":"https:\/\/api.w.org\/{rel}","templated":true}]}}