{"id":8976,"date":"2021-11-04T12:46:53","date_gmt":"2021-11-04T12:46:53","guid":{"rendered":"http:\/\/dummy.xtemos.com\/woodmart2\/elementor\/?page_id=8472"},"modified":"2023-10-10T05:21:08","modified_gmt":"2023-10-10T05:21:08","slug":"historia","status":"publish","type":"page","link":"https:\/\/bodegaloscerrosdesanjuan.com\/pt\/historia\/","title":{"rendered":"Hist\u00f3ria"},"content":{"rendered":"<div data-elementor-type=\"wp-page\" data-elementor-id=\"8976\" class=\"elementor elementor-8976\">\n\t\t\t\t\t\t<section class=\"wd-negative-gap elementor-section elementor-top-section elementor-element elementor-element-5f0e3d6 wd-section-stretch elementor-section-boxed elementor-section-height-default elementor-section-height-default\" data-id=\"5f0e3d6\" data-element_type=\"section\" data-e-type=\"section\" data-settings=\"{&quot;background_background&quot;:&quot;classic&quot;}\">\n\t\t\t\t\t\t<div class=\"elementor-container elementor-column-gap-no\">\n\t\t\t\t\t<div class=\"elementor-column elementor-col-100 elementor-top-column elementor-element elementor-element-4e7dc1e9\" data-id=\"4e7dc1e9\" data-element_type=\"column\" data-e-type=\"column\">\n\t\t\t<div class=\"elementor-widget-wrap elementor-element-populated\">\n\t\t\t\t\t\t<div class=\"elementor-element elementor-element-637581a8 wd-width-100 elementor-widget elementor-widget-wd_title\" data-id=\"637581a8\" data-element_type=\"widget\" data-e-type=\"widget\" data-widget_type=\"wd_title.default\">\n\t\t\t\t<div class=\"elementor-widget-container\">\n\t\t\t\t\t\t\t<div class=\"title-wrapper wd-set-mb reset-last-child wd-title-color-white wd-title-style-default wd-title-size-extra-large text-center\">\n\n\t\t\t\n\t\t\t<div class=\"liner-continer\">\n\t\t\t\t<h4 class=\"woodmart-title-container title wd-fontsize-xxxl\">Fundada em 1854 pela Fam\u00edlia Lahusen<\/h4> \n\t\t\t\t\t\t\t<\/div>\n\n\t\t\t\t\t\t\t<div class=\"title-after_title reset-last-child wd-fontsize-s\">\n\t\t\t\t\t<p>PIONEIROS NA VITICULTURA DA REGI\u00c3O<\/p>\t\t\t\t<\/div>\n\t\t\t\t\t<\/div>\n\t\t\t\t\t\t<\/div>\n\t\t\t\t<\/div>\n\t\t\t\t\t<\/div>\n\t\t<\/div>\n\t\t\t\t\t<\/div>\n\t\t<\/section>\n\t\t\t\t<section class=\"wd-negative-gap elementor-section elementor-top-section elementor-element elementor-element-a098eb7 elementor-section-stretched elementor-section-boxed elementor-section-height-default elementor-section-height-default\" data-id=\"a098eb7\" data-element_type=\"section\" data-e-type=\"section\" data-settings=\"{&quot;stretch_section&quot;:&quot;section-stretched&quot;}\">\n\t\t\t\t\t\t<div class=\"elementor-container elementor-column-gap-default\">\n\t\t\t\t\t<div class=\"elementor-column elementor-col-100 elementor-top-column elementor-element elementor-element-3b6993d\" data-id=\"3b6993d\" data-element_type=\"column\" data-e-type=\"column\">\n\t\t\t<div class=\"elementor-widget-wrap elementor-element-populated\">\n\t\t\t\t\t\t<div class=\"elementor-element elementor-element-5c22af5 elementor-widget elementor-widget-image\" data-id=\"5c22af5\" data-element_type=\"widget\" data-e-type=\"widget\" data-widget_type=\"image.default\">\n\t\t\t\t<div class=\"elementor-widget-container\">\n\t\t\t\t\t\t\t\t\t\t\t\t\t\t\t<img loading=\"lazy\" decoding=\"async\" width=\"139\" height=\"46\" src=\"https:\/\/bodegaloscerrosdesanjuan.com\/wp-content\/uploads\/2022\/07\/adorno-inferior.jpg\" class=\"attachment-large size-large wp-image-8540\" alt=\"\" \/>\t\t\t\t\t\t\t\t\t\t\t\t\t\t\t<\/div>\n\t\t\t\t<\/div>\n\t\t\t\t\t<\/div>\n\t\t<\/div>\n\t\t\t\t\t<\/div>\n\t\t<\/section>\n\t\t\t\t<section class=\"elementor-section elementor-top-section elementor-element elementor-element-6b04c637 elementor-section-stretched elementor-section-boxed elementor-section-height-default elementor-section-height-default\" data-id=\"6b04c637\" data-element_type=\"section\" data-e-type=\"section\" data-settings=\"{&quot;stretch_section&quot;:&quot;section-stretched&quot;}\">\n\t\t\t\t\t\t\t<div class=\"elementor-background-overlay\"><\/div>\n\t\t\t\t\t\t\t<div class=\"elementor-container elementor-column-gap-default\">\n\t\t\t\t\t<div class=\"elementor-column elementor-col-100 elementor-top-column elementor-element elementor-element-5bd0e1ba\" data-id=\"5bd0e1ba\" data-element_type=\"column\" data-e-type=\"column\">\n\t\t\t<div class=\"elementor-widget-wrap elementor-element-populated\">\n\t\t\t\t\t\t<div class=\"elementor-element elementor-element-6f31b43b wd-width-100 elementor-widget elementor-widget-wd_title\" data-id=\"6f31b43b\" data-element_type=\"widget\" data-e-type=\"widget\" data-widget_type=\"wd_title.default\">\n\t\t\t\t<div class=\"elementor-widget-container\">\n\t\t\t\t\t\t\t<div class=\"title-wrapper wd-set-mb reset-last-child wd-title-color-primary wd-title-style-default wd-title-size-default text-center\">\n\n\t\t\t\t\t\t\t\t\t\t\t<div class=\"title-subtitle subtitle-color-primary subtitle-style-default wd-fontsize-xs\">\n\t\t\t\t\tA PRIMEIRA ETAPA DA VIN\u00cdCOLA<br \/>\nFOI FINALIZADA NO ANO DE 1869.\t\t\t\t<\/div>\n\t\t\t\n\t\t\t<div class=\"liner-continer\">\n\t\t\t\t<h4 class=\"woodmart-title-container title wd-fontsize-l\">Los Cerros de San Juan \u00e9 a vin\u00edcola mais antiga do Uruguai.<\/h4> \n\t\t\t\t\t\t\t<\/div>\n\n\t\t\t\t\t<\/div>\n\t\t\t\t\t\t<\/div>\n\t\t\t\t<\/div>\n\t\t\t\t<div class=\"elementor-element elementor-element-78232ae elementor-widget elementor-widget-image\" data-id=\"78232ae\" data-element_type=\"widget\" data-e-type=\"widget\" data-widget_type=\"image.default\">\n\t\t\t\t<div class=\"elementor-widget-container\">\n\t\t\t\t\t\t\t\t\t\t\t\t\t\t\t<img loading=\"lazy\" decoding=\"async\" width=\"713\" height=\"42\" src=\"https:\/\/bodegaloscerrosdesanjuan.com\/wp-content\/uploads\/2022\/07\/div-doble.png\" class=\"attachment-large size-large wp-image-9033\" alt=\"\" srcset=\"https:\/\/bodegaloscerrosdesanjuan.com\/wp-content\/uploads\/2022\/07\/div-doble.png 713w, https:\/\/bodegaloscerrosdesanjuan.com\/wp-content\/uploads\/2022\/07\/div-doble-400x24.png 400w, https:\/\/bodegaloscerrosdesanjuan.com\/wp-content\/uploads\/2022\/07\/div-doble-430x25.png 430w, https:\/\/bodegaloscerrosdesanjuan.com\/wp-content\/uploads\/2022\/07\/div-doble-700x41.png 700w, https:\/\/bodegaloscerrosdesanjuan.com\/wp-content\/uploads\/2022\/07\/div-doble-150x9.png 150w\" sizes=\"auto, (max-width: 713px) 100vw, 713px\" \/>\t\t\t\t\t\t\t\t\t\t\t\t\t\t\t<\/div>\n\t\t\t\t<\/div>\n\t\t\t\t<div class=\"elementor-element elementor-element-2be8ec7f color-scheme-inherit text-left elementor-widget elementor-widget-text-editor\" data-id=\"2be8ec7f\" data-element_type=\"widget\" data-e-type=\"widget\" data-widget_type=\"text-editor.default\">\n\t\t\t\t<div class=\"elementor-widget-container\">\n\t\t\t\t\t\t\t\t\t<p class=\"text-larger\">Por volta de 1854, a fam\u00edlia Lahusen, proveniente da Alemanha e de longa tradi\u00e7\u00e3o agro-vit\u00edcola, adquire quatro est\u00e2ncias localizadas entre os rios San Juan e da Prata, dando origem \u00e0 Companhia Rural Los Cerros de San Juan y Cochic\u00f3.<\/p><p class=\"text-larger\">A escolha deste lugar foi fruto de uma vasta experi\u00eancia que levou em conta as caracter\u00edsticas do antigo leito do rio San Juan, recoberto de cascalhos e seixos rolados, semelhante \u00e0 regi\u00e3o de Bordeaux, onde plantaram variedades trazidas do velho mundo.<\/p><p class=\"text-larger\">Em 1872 chegaram, procedentes da Fran\u00e7a, ton\u00e9is de carvalho que foram abrigados em uma nova vin\u00edcola constru\u00edda em pedra, na qual atualmente repousam os nossos vinhos.<\/p>\t\t\t\t\t\t\t\t<\/div>\n\t\t\t\t<\/div>\n\t\t\t\t\t<\/div>\n\t\t<\/div>\n\t\t\t\t\t<\/div>\n\t\t<\/section>\n\t\t\t\t<section class=\"wd-negative-gap elementor-section elementor-top-section elementor-element elementor-element-4b8116d elementor-section-stretched elementor-section-boxed elementor-section-height-default elementor-section-height-default\" data-id=\"4b8116d\" data-element_type=\"section\" data-e-type=\"section\" data-settings=\"{&quot;stretch_section&quot;:&quot;section-stretched&quot;}\">\n\t\t\t\t\t\t<div class=\"elementor-container elementor-column-gap-default\">\n\t\t\t\t\t<div class=\"elementor-column elementor-col-100 elementor-top-column elementor-element elementor-element-2288942\" data-id=\"2288942\" data-element_type=\"column\" data-e-type=\"column\">\n\t\t\t<div class=\"elementor-widget-wrap elementor-element-populated\">\n\t\t\t\t\t\t<div class=\"elementor-element elementor-element-5d80406 elementor-widget elementor-widget-image\" data-id=\"5d80406\" data-element_type=\"widget\" data-e-type=\"widget\" data-widget_type=\"image.default\">\n\t\t\t\t<div class=\"elementor-widget-container\">\n\t\t\t\t\t\t\t\t\t\t\t\t\t\t\t<img loading=\"lazy\" decoding=\"async\" width=\"139\" height=\"46\" src=\"https:\/\/bodegaloscerrosdesanjuan.com\/wp-content\/uploads\/2022\/07\/adorno-superior.jpg\" class=\"attachment-large size-large wp-image-8536\" alt=\"\" \/>\t\t\t\t\t\t\t\t\t\t\t\t\t\t\t<\/div>\n\t\t\t\t<\/div>\n\t\t\t\t\t<\/div>\n\t\t<\/div>\n\t\t\t\t\t<\/div>\n\t\t<\/section>\n\t\t\t\t<section class=\"wd-negative-gap elementor-section elementor-top-section elementor-element elementor-element-28940b87 elementor-section-content-middle wd-section-stretch elementor-section-boxed elementor-section-height-default elementor-section-height-default\" data-id=\"28940b87\" data-element_type=\"section\" data-e-type=\"section\" data-settings=\"{&quot;background_background&quot;:&quot;classic&quot;}\">\n\t\t\t\t\t\t<div class=\"elementor-container elementor-column-gap-extended\">\n\t\t\t\t\t<div class=\"elementor-column elementor-col-100 elementor-top-column elementor-element elementor-element-1efbe34f\" data-id=\"1efbe34f\" data-element_type=\"column\" data-e-type=\"column\">\n\t\t\t<div class=\"elementor-widget-wrap elementor-element-populated\">\n\t\t\t\t\t\t<div class=\"elementor-element elementor-element-7a9a92d wd-width-100 elementor-widget elementor-widget-wd_title\" data-id=\"7a9a92d\" data-element_type=\"widget\" data-e-type=\"widget\" data-widget_type=\"wd_title.default\">\n\t\t\t\t<div class=\"elementor-widget-container\">\n\t\t\t\t\t\t\t<div class=\"title-wrapper wd-set-mb reset-last-child wd-title-color-white wd-title-style-default wd-title-size-extra-large text-center\">\n\n\t\t\t\n\t\t\t<div class=\"liner-continer\">\n\t\t\t\t<h4 class=\"woodmart-title-container title wd-fontsize-xxxl\">O antigo armaz\u00e9m de secos e molhados ainda guarda mobili\u00e1rio da sua \u00e9poca. <\/h4> \n\t\t\t\t\t\t\t<\/div>\n\n\t\t\t\t\t\t\t<div class=\"title-after_title reset-last-child wd-fontsize-s\">\n\t\t\t\t\t<p>HOJE \u00c9 O ESPA\u00c7O PARA DESFRUTAR DE UM ALMO\u00c7O<br \/>PREPARADO ESPECIALMENTE PARA HARMONIZAR COM OS NOSSOS MELHORES VINHOS<\/p>\t\t\t\t<\/div>\n\t\t\t\t\t<\/div>\n\t\t\t\t\t\t<\/div>\n\t\t\t\t<\/div>\n\t\t\t\t<div class=\"elementor-element elementor-element-58a9e496 elementor-widget elementor-widget-wd_button\" data-id=\"58a9e496\" data-element_type=\"widget\" data-e-type=\"widget\" data-widget_type=\"wd_button.default\">\n\t\t\t\t<div class=\"elementor-widget-container\">\n\t\t\t\t\t\t\t<div class=\"wd-button-wrapper text-center\" >\n\t\t\t<a class=\"btn btn-style-default btn-shape-rectangle btn-size-default btn-color-primary btn-icon-pos-right\"  href=\"https:\/\/bodegaloscerrosdesanjuan.com\/pt\/reservas\/\">\n\t\t\t\t<span class=\"wd-btn-text\" data-elementor-setting-key=\"text\">\n\t\t\t\t\tRESERVAS\t\t\t\t<\/span>\n\n\t\t\t\t\t\t\t<\/a>\n\t\t<\/div>\n\t\t\t\t\t\t<\/div>\n\t\t\t\t<\/div>\n\t\t\t\t\t<\/div>\n\t\t<\/div>\n\t\t\t\t\t<\/div>\n\t\t<\/section>\n\t\t\t\t<section class=\"wd-negative-gap elementor-section elementor-top-section elementor-element elementor-element-30117ca elementor-section-stretched elementor-section-boxed elementor-section-height-default elementor-section-height-default\" data-id=\"30117ca\" data-element_type=\"section\" data-e-type=\"section\" data-settings=\"{&quot;stretch_section&quot;:&quot;section-stretched&quot;}\">\n\t\t\t\t\t\t<div class=\"elementor-container elementor-column-gap-default\">\n\t\t\t\t\t<div class=\"elementor-column elementor-col-100 elementor-top-column elementor-element elementor-element-3538e97\" data-id=\"3538e97\" data-element_type=\"column\" data-e-type=\"column\">\n\t\t\t<div class=\"elementor-widget-wrap elementor-element-populated\">\n\t\t\t\t\t\t<div class=\"elementor-element elementor-element-9fbc313 elementor-widget elementor-widget-image\" data-id=\"9fbc313\" data-element_type=\"widget\" data-e-type=\"widget\" data-widget_type=\"image.default\">\n\t\t\t\t<div class=\"elementor-widget-container\">\n\t\t\t\t\t\t\t\t\t\t\t\t\t\t\t<img loading=\"lazy\" decoding=\"async\" width=\"139\" height=\"46\" src=\"https:\/\/bodegaloscerrosdesanjuan.com\/wp-content\/uploads\/2022\/07\/adorno-inferior.jpg\" class=\"attachment-large size-large wp-image-8540\" alt=\"\" \/>\t\t\t\t\t\t\t\t\t\t\t\t\t\t\t<\/div>\n\t\t\t\t<\/div>\n\t\t\t\t\t<\/div>\n\t\t<\/div>\n\t\t\t\t\t<\/div>\n\t\t<\/section>\n\t\t\t\t<section class=\"elementor-section elementor-top-section elementor-element elementor-element-f57f67d elementor-section-boxed elementor-section-height-default elementor-section-height-default\" data-id=\"f57f67d\" data-element_type=\"section\" data-e-type=\"section\">\n\t\t\t\t\t\t<div class=\"elementor-container elementor-column-gap-default\">\n\t\t\t\t\t<div class=\"elementor-column elementor-col-100 elementor-top-column elementor-element elementor-element-9afe5d6\" data-id=\"9afe5d6\" data-element_type=\"column\" data-e-type=\"column\">\n\t\t\t<div class=\"elementor-widget-wrap elementor-element-populated\">\n\t\t\t\t\t\t<div class=\"elementor-element elementor-element-506cb9f wd-width-100 elementor-widget elementor-widget-wd_title\" data-id=\"506cb9f\" data-element_type=\"widget\" data-e-type=\"widget\" data-widget_type=\"wd_title.default\">\n\t\t\t\t<div class=\"elementor-widget-container\">\n\t\t\t\t\t\t\t<div class=\"title-wrapper wd-set-mb reset-last-child wd-title-color-primary wd-title-style-default wd-title-size-default text-center\">\n\n\t\t\t\t\t\t\t\t\t\t\t<div class=\"title-subtitle subtitle-color-primary subtitle-style-default wd-fontsize-xs\">\n\t\t\t\t\tNOS \u00daLTIMOS ANOS V\u00caM SENDO REALIZADOS MINUCIOSOS TRABALHOS DE RESTAURO, RECUPERANDO O SEU ESPLENDOR ORIGINAL.\t\t\t\t<\/div>\n\t\t\t\n\t\t\t<div class=\"liner-continer\">\n\t\t\t\t<h4 class=\"woodmart-title-container title wd-fontsize-l\">Declarado monumento hist\u00f3rico <br \/>\ne patrim\u00f4nio da na\u00e7\u00e3o.<\/h4> \n\t\t\t\t\t\t\t<\/div>\n\n\t\t\t\t\t<\/div>\n\t\t\t\t\t\t<\/div>\n\t\t\t\t<\/div>\n\t\t\t\t<div class=\"elementor-element elementor-element-f9bd013 elementor-widget elementor-widget-image\" data-id=\"f9bd013\" data-element_type=\"widget\" data-e-type=\"widget\" data-widget_type=\"image.default\">\n\t\t\t\t<div class=\"elementor-widget-container\">\n\t\t\t\t\t\t\t\t\t\t\t\t\t\t\t<img loading=\"lazy\" decoding=\"async\" width=\"713\" height=\"42\" src=\"https:\/\/bodegaloscerrosdesanjuan.com\/wp-content\/uploads\/2022\/07\/div-doble.png\" class=\"attachment-large size-large wp-image-9033\" alt=\"\" srcset=\"https:\/\/bodegaloscerrosdesanjuan.com\/wp-content\/uploads\/2022\/07\/div-doble.png 713w, https:\/\/bodegaloscerrosdesanjuan.com\/wp-content\/uploads\/2022\/07\/div-doble-400x24.png 400w, https:\/\/bodegaloscerrosdesanjuan.com\/wp-content\/uploads\/2022\/07\/div-doble-430x25.png 430w, https:\/\/bodegaloscerrosdesanjuan.com\/wp-content\/uploads\/2022\/07\/div-doble-700x41.png 700w, https:\/\/bodegaloscerrosdesanjuan.com\/wp-content\/uploads\/2022\/07\/div-doble-150x9.png 150w\" sizes=\"auto, (max-width: 713px) 100vw, 713px\" \/>\t\t\t\t\t\t\t\t\t\t\t\t\t\t\t<\/div>\n\t\t\t\t<\/div>\n\t\t\t\t<div class=\"elementor-element elementor-element-30f0313 color-scheme-inherit text-left elementor-widget elementor-widget-text-editor\" data-id=\"30f0313\" data-element_type=\"widget\" data-e-type=\"widget\" data-widget_type=\"text-editor.default\">\n\t\t\t\t<div class=\"elementor-widget-container\">\n\t\t\t\t\t\t\t\t\t<p class=\"text-larger\">Toda a infraestrutura da nossa vin\u00edcola e os servi\u00e7os complementares para a produ\u00e7\u00e3o dos nossos vinhos constituem um particular complexo arquitet\u00f4nico agropecu\u00e1rio: a nossa Vin\u00edcola de Pedra, o antigo armaz\u00e9m de secos e molhados, a carpintaria e a ferraria (em sua maioria constru\u00eddos na segunda metade do s\u00e9culo XIX) mostram constru\u00e7\u00f5es realizadas em pedra, com grossas paredes de estilo colonial t\u00edpicas de Col\u00f4nia.<br \/>Em 2014 \u2014 ao completar 160 anos \u2014 come\u00e7amos a participar dos melhores concursos internacionais de vinhos, nos quais desde ent\u00e3o obtivemos grandes resultados que ratificam o nosso compromisso com a tradi\u00e7\u00e3o e a qualidade.<\/p>\t\t\t\t\t\t\t\t<\/div>\n\t\t\t\t<\/div>\n\t\t\t\t\t<\/div>\n\t\t<\/div>\n\t\t\t\t\t<\/div>\n\t\t<\/section>\n\t\t\t\t<section class=\"wd-negative-gap elementor-section elementor-top-section elementor-element elementor-element-16c0b74 elementor-section-stretched elementor-section-boxed elementor-section-height-default elementor-section-height-default\" data-id=\"16c0b74\" data-element_type=\"section\" data-e-type=\"section\" data-settings=\"{&quot;stretch_section&quot;:&quot;section-stretched&quot;}\">\n\t\t\t\t\t\t<div class=\"elementor-container elementor-column-gap-default\">\n\t\t\t\t\t<div class=\"elementor-column elementor-col-100 elementor-top-column elementor-element elementor-element-a27864c\" data-id=\"a27864c\" data-element_type=\"column\" data-e-type=\"column\">\n\t\t\t<div class=\"elementor-widget-wrap elementor-element-populated\">\n\t\t\t\t\t\t<div class=\"elementor-element elementor-element-03ac236 elementor-widget elementor-widget-image\" data-id=\"03ac236\" data-element_type=\"widget\" data-e-type=\"widget\" data-widget_type=\"image.default\">\n\t\t\t\t<div class=\"elementor-widget-container\">\n\t\t\t\t\t\t\t\t\t\t\t\t\t\t\t<img loading=\"lazy\" decoding=\"async\" width=\"139\" height=\"46\" src=\"https:\/\/bodegaloscerrosdesanjuan.com\/wp-content\/uploads\/2022\/07\/adorno-superior.jpg\" class=\"attachment-large size-large wp-image-8536\" alt=\"\" \/>\t\t\t\t\t\t\t\t\t\t\t\t\t\t\t<\/div>\n\t\t\t\t<\/div>\n\t\t\t\t\t<\/div>\n\t\t<\/div>\n\t\t\t\t\t<\/div>\n\t\t<\/section>\n\t\t\t\t<section class=\"wd-negative-gap elementor-section elementor-top-section elementor-element elementor-element-08268a0 elementor-section-content-middle wd-section-stretch elementor-section-boxed elementor-section-height-default elementor-section-height-default\" data-id=\"08268a0\" data-element_type=\"section\" data-e-type=\"section\" data-settings=\"{&quot;background_background&quot;:&quot;classic&quot;}\">\n\t\t\t\t\t\t<div class=\"elementor-container elementor-column-gap-extended\">\n\t\t\t\t\t<div class=\"elementor-column elementor-col-100 elementor-top-column elementor-element elementor-element-9e266b8\" data-id=\"9e266b8\" data-element_type=\"column\" data-e-type=\"column\">\n\t\t\t<div class=\"elementor-widget-wrap elementor-element-populated\">\n\t\t\t\t\t\t<div class=\"elementor-element elementor-element-d180cc8 wd-width-100 elementor-widget elementor-widget-wd_title\" data-id=\"d180cc8\" data-element_type=\"widget\" data-e-type=\"widget\" data-widget_type=\"wd_title.default\">\n\t\t\t\t<div class=\"elementor-widget-container\">\n\t\t\t\t\t\t\t<div class=\"title-wrapper wd-set-mb reset-last-child wd-title-color-white wd-title-style-default wd-title-size-extra-large text-center\">\n\n\t\t\t\n\t\t\t<div class=\"liner-continer\">\n\t\t\t\t<h4 class=\"woodmart-title-container title wd-fontsize-xxxl\">Sistema de refrigera\u00e7\u00e3o mec\u00e2nico utilizado em 1860.<\/h4> \n\t\t\t\t\t\t\t<\/div>\n\n\t\t\t\t\t\t\t<div class=\"title-after_title reset-last-child wd-fontsize-s\">\n\t\t\t\t\t<p>TECNOLOGIA ALEM\u00c3 DO S\u00c9CULO XIX<\/p>\t\t\t\t<\/div>\n\t\t\t\t\t<\/div>\n\t\t\t\t\t\t<\/div>\n\t\t\t\t<\/div>\n\t\t\t\t\t<\/div>\n\t\t<\/div>\n\t\t\t\t\t<\/div>\n\t\t<\/section>\n\t\t\t\t<section class=\"wd-negative-gap elementor-section elementor-top-section elementor-element elementor-element-207dcdc elementor-section-stretched elementor-section-boxed elementor-section-height-default elementor-section-height-default\" data-id=\"207dcdc\" data-element_type=\"section\" data-e-type=\"section\" data-settings=\"{&quot;stretch_section&quot;:&quot;section-stretched&quot;}\">\n\t\t\t\t\t\t<div class=\"elementor-container elementor-column-gap-default\">\n\t\t\t\t\t<div class=\"elementor-column elementor-col-100 elementor-top-column elementor-element elementor-element-222a393\" data-id=\"222a393\" data-element_type=\"column\" data-e-type=\"column\">\n\t\t\t<div class=\"elementor-widget-wrap elementor-element-populated\">\n\t\t\t\t\t\t<div class=\"elementor-element elementor-element-3dda027 elementor-widget elementor-widget-image\" data-id=\"3dda027\" data-element_type=\"widget\" data-e-type=\"widget\" data-widget_type=\"image.default\">\n\t\t\t\t<div class=\"elementor-widget-container\">\n\t\t\t\t\t\t\t\t\t\t\t\t\t\t\t<img loading=\"lazy\" decoding=\"async\" width=\"139\" height=\"46\" src=\"https:\/\/bodegaloscerrosdesanjuan.com\/wp-content\/uploads\/2022\/07\/adorno-inferior.jpg\" class=\"attachment-large size-large wp-image-8540\" alt=\"\" \/>\t\t\t\t\t\t\t\t\t\t\t\t\t\t\t<\/div>\n\t\t\t\t<\/div>\n\t\t\t\t\t<\/div>\n\t\t<\/div>\n\t\t\t\t\t<\/div>\n\t\t<\/section>\n\t\t\t\t<\/div>","protected":false},"excerpt":{"rendered":"<p>Fundada en 1854 por la Familia Lahusen PIONEROS EN LA VITINICULTURA DE LA REGION LA PRIMERA ETAPA DE LA BODEGA<\/p>","protected":false},"author":2,"featured_media":0,"parent":0,"menu_order":0,"comment_status":"closed","ping_status":"closed","template":"","meta":{"footnotes":""},"class_list":["post-8976","page","type-page","status-publish","hentry"],"_links":{"self":[{"href":"https:\/\/bodegaloscerrosdesanjuan.com\/pt\/wp-json\/wp\/v2\/pages\/8976","targetHints":{"allow":["GET"]}}],"collection":[{"href":"https:\/\/bodegaloscerrosdesanjuan.com\/pt\/wp-json\/wp\/v2\/pages"}],"about":[{"href":"https:\/\/bodegaloscerrosdesanjuan.com\/pt\/wp-json\/wp\/v2\/types\/page"}],"author":[{"embeddable":true,"href":"https:\/\/bodegaloscerrosdesanjuan.com\/pt\/wp-json\/wp\/v2\/users\/2"}],"replies":[{"embeddable":true,"href":"https:\/\/bodegaloscerrosdesanjuan.com\/pt\/wp-json\/wp\/v2\/comments?post=8976"}],"version-history":[{"count":130,"href":"https:\/\/bodegaloscerrosdesanjuan.com\/pt\/wp-json\/wp\/v2\/pages\/8976\/revisions"}],"predecessor-version":[{"id":12717,"href":"https:\/\/bodegaloscerrosdesanjuan.com\/pt\/wp-json\/wp\/v2\/pages\/8976\/revisions\/12717"}],"wp:attachment":[{"href":"https:\/\/bodegaloscerrosdesanjuan.com\/pt\/wp-json\/wp\/v2\/media?parent=8976"}],"curies":[{"name":"wp","href":"https:\/\/api.w.org\/{rel}","templated":true}]}}