{"id":13150,"date":"2026-05-14T19:41:38","date_gmt":"2026-05-14T22:41:38","guid":{"rendered":"https:\/\/bodegaloscerrosdesanjuan.com\/?post_type=product&#038;p=13150"},"modified":"2026-05-14T20:28:26","modified_gmt":"2026-05-14T23:28:26","slug":"mil-los-cerros-de-san-juan","status":"publish","type":"product","link":"https:\/\/bodegaloscerrosdesanjuan.com\/en\/product\/mil-los-cerros-de-san-juan\/","title":{"rendered":"Mil Los Cerros de San Juan"},"content":{"rendered":"<div data-elementor-type=\"wp-post\" data-elementor-id=\"13150\" class=\"elementor elementor-13150\">\n\t\t\t\t\t\t<section class=\"wd-negative-gap elementor-section elementor-top-section elementor-element elementor-element-e2d9037 wd-section-stretch elementor-section-content-middle elementor-reverse-mobile elementor-section-boxed elementor-section-height-default elementor-section-height-default\" data-id=\"e2d9037\" data-element_type=\"section\" data-e-type=\"section\" data-settings=\"{&quot;background_background&quot;:&quot;classic&quot;}\">\n\t\t\t\t\t\t\t<div class=\"elementor-background-overlay\"><\/div>\n\t\t\t\t\t\t\t<div class=\"elementor-container elementor-column-gap-default\">\n\t\t\t\t\t<div class=\"elementor-column elementor-col-50 elementor-top-column elementor-element elementor-element-bf877cf text-center\" data-id=\"bf877cf\" data-element_type=\"column\" data-e-type=\"column\">\n\t\t\t<div class=\"elementor-widget-wrap elementor-element-populated\">\n\t\t\t\t\t\t<div class=\"elementor-element elementor-element-e7390f7 wd-width-100 elementor-widget elementor-widget-wd_title\" data-id=\"e7390f7\" data-element_type=\"widget\" data-e-type=\"widget\" data-widget_type=\"wd_title.default\">\n\t\t\t\t<div class=\"elementor-widget-container\">\n\t\t\t\t\t\t\t<div class=\"title-wrapper wd-set-mb reset-last-child wd-title-color-default wd-title-style-default wd-title-size-extra-large text-center\">\n\n\t\t\t\t\t\t\t\t\t\t\t<div class=\"title-subtitle subtitle-color-default subtitle-style-default wd-fontsize-m\">\n\t\t\t\t\tMIL LOS CERROS DE SAN JUAN <br \/>\n<br \/>\n\t\t\t\t<\/div>\n\t\t\t\n\t\t\t<div class=\"liner-continer\">\n\t\t\t\t<h4 class=\"woodmart-title-container title wd-fontsize-xxxl\">Winemaking:<\/h4> \n\t\t\t\t\t\t\t<\/div>\n\n\t\t\t\t\t\t\t<div class=\"title-after_title reset-last-child wd-fontsize-s\">\n\t\t\t\t\tFruto de una cuidadosa selecci\u00f3n de variedades cultivadas en nuestros propios vi\u00f1edos, con un aporte especial de nuestra Vi\u00f1a Museo, que re\u00fane m\u00e1s de 120 a\u00f1os de legado vitivin\u00edcola. La vinificaci\u00f3n se realiz\u00f3 de forma individualizada y, entre cerca de 50 barricas disponibles, se seleccionaron minuciosamente las m\u00e1s sobresalientes hasta llegar a la composici\u00f3n final: un ensamblaje de las cuatro barricas m\u00e1s excepcionales que dan vida a este blend \u00fanico. Desde su origen, primero como varietales y posteriormente como blend, este vino repos\u00f3 durante m\u00e1s de dos a\u00f1os en barricas nuevas de roble franc\u00e9s.<br \/>\n<br \/>\n\t\t\t\t<\/div>\n\t\t\t\t\t<\/div>\n\t\t\t\t\t\t<\/div>\n\t\t\t\t<\/div>\n\t\t\t\t<div class=\"elementor-element elementor-element-d4122b9 wd-width-100 elementor-widget elementor-widget-wd_title\" data-id=\"d4122b9\" data-element_type=\"widget\" data-e-type=\"widget\" data-widget_type=\"wd_title.default\">\n\t\t\t\t<div class=\"elementor-widget-container\">\n\t\t\t\t\t\t\t<div class=\"title-wrapper wd-set-mb reset-last-child wd-title-color-default wd-title-style-default wd-title-size-extra-large text-center\">\n\n\t\t\t\t\t\t\t\t\t\t\t<div class=\"title-subtitle subtitle-color-default subtitle-style-default wd-fontsize-m\">\n\t\t\t\t\t<br \/>\n\t\t\t\t<\/div>\n\t\t\t\n\t\t\t<div class=\"liner-continer\">\n\t\t\t\t<h4 class=\"woodmart-title-container title wd-fontsize-xxxl\">Food Pairing Suggestions:\u00a0<\/h4> \n\t\t\t\t\t\t\t<\/div>\n\n\t\t\t\t\t\t\t<div class=\"title-after_title reset-last-child wd-fontsize-s\">\n\t\t\t\t\t<p>Ideal para acompa\u00f1ar carnes rojas, tanto asadas como a la parrilla, as\u00ed como platos de sabores intensos y preparaciones que resaltan su estructura y complejidad.<\/p>\t\t\t\t<\/div>\n\t\t\t\t\t<\/div>\n\t\t\t\t\t\t<\/div>\n\t\t\t\t<\/div>\n\t\t\t\t<div class=\"elementor-element elementor-element-088165e wd-width-100 elementor-widget elementor-widget-wd_title\" data-id=\"088165e\" data-element_type=\"widget\" data-e-type=\"widget\" data-widget_type=\"wd_title.default\">\n\t\t\t\t<div class=\"elementor-widget-container\">\n\t\t\t\t\t\t\t<div class=\"title-wrapper wd-set-mb reset-last-child wd-title-color-default wd-title-style-default wd-title-size-extra-large text-center\">\n\n\t\t\t\t\t\t\t\t\t\t\t<div class=\"title-subtitle subtitle-color-default subtitle-style-default wd-fontsize-m\">\n\t\t\t\t\t<br \/>\n\t\t\t\t<\/div>\n\t\t\t\n\t\t\t<div class=\"liner-continer\">\n\t\t\t\t<h4 class=\"woodmart-title-container title wd-fontsize-xxxl\">Analytical Data<\/h4> \n\t\t\t\t\t\t\t<\/div>\n\n\t\t\t\t\t\t\t<div class=\"title-after_title reset-last-child wd-fontsize-s\">\n\t\t\t\t\t<p>Alcohol: 13.2%<br \/>Az\u00facar residual: 2,9 g\/L<br \/>pH: 3,73<\/p>\t\t\t\t<\/div>\n\t\t\t\t\t<\/div>\n\t\t\t\t\t\t<\/div>\n\t\t\t\t<\/div>\n\t\t\t\t\t<\/div>\n\t\t<\/div>\n\t\t\t\t<div class=\"elementor-column elementor-col-50 elementor-top-column elementor-element elementor-element-7f59c59\" data-id=\"7f59c59\" data-element_type=\"column\" data-e-type=\"column\">\n\t\t\t<div class=\"elementor-widget-wrap elementor-element-populated\">\n\t\t\t\t\t\t<div class=\"elementor-element elementor-element-67df156 elementor-widget elementor-widget-image\" data-id=\"67df156\" data-element_type=\"widget\" data-e-type=\"widget\" data-widget_type=\"image.default\">\n\t\t\t\t<div class=\"elementor-widget-container\">\n\t\t\t\t\t\t\t\t\t\t\t\t\t\t\t<img loading=\"lazy\" decoding=\"async\" width=\"483\" height=\"800\" src=\"https:\/\/bodegaloscerrosdesanjuan.com\/wp-content\/uploads\/2026\/05\/ewqe-483x800.jpg\" class=\"attachment-large size-large wp-image-13190\" alt=\"\" srcset=\"https:\/\/bodegaloscerrosdesanjuan.com\/wp-content\/uploads\/2026\/05\/ewqe-483x800.jpg 483w, https:\/\/bodegaloscerrosdesanjuan.com\/wp-content\/uploads\/2026\/05\/ewqe-181x300.jpg 181w, https:\/\/bodegaloscerrosdesanjuan.com\/wp-content\/uploads\/2026\/05\/ewqe-768x1273.jpg 768w, https:\/\/bodegaloscerrosdesanjuan.com\/wp-content\/uploads\/2026\/05\/ewqe-927x1536.jpg 927w, https:\/\/bodegaloscerrosdesanjuan.com\/wp-content\/uploads\/2026\/05\/ewqe-1236x2048.jpg 1236w, https:\/\/bodegaloscerrosdesanjuan.com\/wp-content\/uploads\/2026\/05\/ewqe-7x12.jpg 7w, https:\/\/bodegaloscerrosdesanjuan.com\/wp-content\/uploads\/2026\/05\/ewqe-430x713.jpg 430w, https:\/\/bodegaloscerrosdesanjuan.com\/wp-content\/uploads\/2026\/05\/ewqe-700x1160.jpg 700w, https:\/\/bodegaloscerrosdesanjuan.com\/wp-content\/uploads\/2026\/05\/ewqe-150x249.jpg 150w, https:\/\/bodegaloscerrosdesanjuan.com\/wp-content\/uploads\/2026\/05\/ewqe.jpg 1500w\" sizes=\"auto, (max-width: 483px) 100vw, 483px\" \/>\t\t\t\t\t\t\t\t\t\t\t\t\t\t\t<\/div>\n\t\t\t\t<\/div>\n\t\t\t\t\t<\/div>\n\t\t<\/div>\n\t\t\t\t\t<\/div>\n\t\t<\/section>\n\t\t\t\t<\/div>","protected":false},"excerpt":{"rendered":"<p><a href=\"https:\/\/bodegaloscerrosdesanjuan.com\/wp-content\/uploads\/2022\/07\/div-doble.png\"><img loading=\"lazy\" decoding=\"async\" class=\"alignnone size-medium wp-image-9033\" src=\"https:\/\/bodegaloscerrosdesanjuan.com\/wp-content\/uploads\/2022\/07\/div-doble-400x24.png\" alt=\"\" width=\"400\" height=\"24\" srcset=\"https:\/\/bodegaloscerrosdesanjuan.com\/wp-content\/uploads\/2022\/07\/div-doble-400x24.png 400w, https:\/\/bodegaloscerrosdesanjuan.com\/wp-content\/uploads\/2022\/07\/div-doble-430x25.png 430w, https:\/\/bodegaloscerrosdesanjuan.com\/wp-content\/uploads\/2022\/07\/div-doble-700x41.png 700w, https:\/\/bodegaloscerrosdesanjuan.com\/wp-content\/uploads\/2022\/07\/div-doble-150x9.png 150w, https:\/\/bodegaloscerrosdesanjuan.com\/wp-content\/uploads\/2022\/07\/div-doble.png 713w\" sizes=\"auto, (max-width: 400px) 100vw, 400px\" \/><\/a><\/p>\n<p>MIL representa una partida exclusiva y limitada de apenas mil litros, equivalentes a 1.250 botellas numeradas, concebidas para expresar lo mejor de Los Cerros de San Juan: el vino \u00edcono de nuestra bodega.<\/p>\n<p>Creado por nuestro equipo de en\u00f3logos junto al reconocido winemaker\u00a0Michel Rolland, MIL personifica la b\u00fasqueda de lo excepcional: la uni\u00f3n entre pasi\u00f3n, conocimiento, historia, innovaci\u00f3n y una meticulosa atenci\u00f3n a cada detalle, en perfecta armon\u00eda con una cosecha extraordinaria.<\/p>","protected":false},"featured_media":13161,"template":"","meta":[],"product_brand":[],"product_cat":[21],"product_tag":[],"class_list":{"0":"post-13150","1":"product","2":"type-product","3":"status-publish","4":"has-post-thumbnail","6":"product_cat-tintos","7":"pa_tipo-tinto","9":"first","10":"instock","11":"shipping-taxable","12":"product-type-simple"},"_links":{"self":[{"href":"https:\/\/bodegaloscerrosdesanjuan.com\/en\/wp-json\/wp\/v2\/product\/13150","targetHints":{"allow":["GET"]}}],"collection":[{"href":"https:\/\/bodegaloscerrosdesanjuan.com\/en\/wp-json\/wp\/v2\/product"}],"about":[{"href":"https:\/\/bodegaloscerrosdesanjuan.com\/en\/wp-json\/wp\/v2\/types\/product"}],"version-history":[{"count":52,"href":"https:\/\/bodegaloscerrosdesanjuan.com\/en\/wp-json\/wp\/v2\/product\/13150\/revisions"}],"predecessor-version":[{"id":13218,"href":"https:\/\/bodegaloscerrosdesanjuan.com\/en\/wp-json\/wp\/v2\/product\/13150\/revisions\/13218"}],"wp:featuredmedia":[{"embeddable":true,"href":"https:\/\/bodegaloscerrosdesanjuan.com\/en\/wp-json\/wp\/v2\/media\/13161"}],"wp:attachment":[{"href":"https:\/\/bodegaloscerrosdesanjuan.com\/en\/wp-json\/wp\/v2\/media?parent=13150"}],"wp:term":[{"taxonomy":"product_brand","embeddable":true,"href":"https:\/\/bodegaloscerrosdesanjuan.com\/en\/wp-json\/wp\/v2\/product_brand?post=13150"},{"taxonomy":"product_cat","embeddable":true,"href":"https:\/\/bodegaloscerrosdesanjuan.com\/en\/wp-json\/wp\/v2\/product_cat?post=13150"},{"taxonomy":"product_tag","embeddable":true,"href":"https:\/\/bodegaloscerrosdesanjuan.com\/en\/wp-json\/wp\/v2\/product_tag?post=13150"}],"curies":[{"name":"wp","href":"https:\/\/api.w.org\/{rel}","templated":true}]}}