{"id":10935,"date":"2022-09-19T18:44:19","date_gmt":"2022-09-19T18:44:19","guid":{"rendered":"https:\/\/bodegaloscerrosdesanjuan.com\/?post_type=product&#038;p=10935"},"modified":"2025-11-12T12:22:00","modified_gmt":"2025-11-12T15:22:00","slug":"secretos-de-los-cerros-visita-tasting-y-degustacion-solo-con-reserva-previa","status":"publish","type":"product","link":"https:\/\/bodegaloscerrosdesanjuan.com\/en\/product\/secretos-de-los-cerros-visita-tasting-y-degustacion-solo-con-reserva-previa\/","title":{"rendered":"SECRETOS DE LOS CERROS Visita, Tasting y Degustaci\u00f3n (S\u00f3lo con reserva previa)"},"content":{"rendered":"","protected":false},"excerpt":{"rendered":"<div class=\"elementor-element elementor-element-c3eff3d color-scheme-inherit text-left elementor-widget elementor-widget-text-editor\" data-id=\"c3eff3d\" data-element_type=\"widget\" data-widget_type=\"text-editor.default\">\n<div class=\"elementor-widget-container\">\n<p><span class=\"text-bold text-uppercase\">VISIT + TASTING + WINE PAIRING (MINIMUM OF 2 GUESTS)<\/span><br \/>\nVisita guiada a la bodega y al Almac\u00e9n de Piedra donde se har\u00e1 un tasting de vinos de alta gama y degustaci\u00f3n de productos de elaboraci\u00f3n propia como el aceite de oliva y quesos de oveja.<\/p>\n<blockquote><p><strong><span style=\"color: #c2b165;\">Duraci\u00f3n estimada: 1.30 horas.<\/span><\/strong><\/p><\/blockquote>\n<p><span class=\"text-gold text-bold text-uppercase\">RESERVATION AND INFORMATION<\/span><br \/>\n<strong>Whatsapp:\u00a0<\/strong><a href=\"https:\/\/wa.me\/+59891949494\" target=\"_blank\" rel=\"noopener\">(+598) 91 949 494<\/a><br \/>\n<strong>e-mail:\u00a0<\/strong><a href=\"mailto:reservas@bodegaloscerrosdesanjuan.com\">reservas@bodegaloscerrosdesanjuan.com<\/a><\/p>\n<\/div>\n<\/div>","protected":false},"featured_media":12491,"template":"","meta":[],"product_brand":[],"product_cat":[77],"product_tag":[78],"class_list":{"0":"post-10935","1":"product","2":"type-product","3":"status-publish","4":"has-post-thumbnail","6":"product_cat-experiencias","7":"product_tag-dias-de-semana","9":"first","10":"instock","11":"shipping-taxable","12":"purchasable","13":"product-type-simple"},"_links":{"self":[{"href":"https:\/\/bodegaloscerrosdesanjuan.com\/en\/wp-json\/wp\/v2\/product\/10935","targetHints":{"allow":["GET"]}}],"collection":[{"href":"https:\/\/bodegaloscerrosdesanjuan.com\/en\/wp-json\/wp\/v2\/product"}],"about":[{"href":"https:\/\/bodegaloscerrosdesanjuan.com\/en\/wp-json\/wp\/v2\/types\/product"}],"version-history":[{"count":15,"href":"https:\/\/bodegaloscerrosdesanjuan.com\/en\/wp-json\/wp\/v2\/product\/10935\/revisions"}],"predecessor-version":[{"id":12318,"href":"https:\/\/bodegaloscerrosdesanjuan.com\/en\/wp-json\/wp\/v2\/product\/10935\/revisions\/12318"}],"wp:featuredmedia":[{"embeddable":true,"href":"https:\/\/bodegaloscerrosdesanjuan.com\/en\/wp-json\/wp\/v2\/media\/12491"}],"wp:attachment":[{"href":"https:\/\/bodegaloscerrosdesanjuan.com\/en\/wp-json\/wp\/v2\/media?parent=10935"}],"wp:term":[{"taxonomy":"product_brand","embeddable":true,"href":"https:\/\/bodegaloscerrosdesanjuan.com\/en\/wp-json\/wp\/v2\/product_brand?post=10935"},{"taxonomy":"product_cat","embeddable":true,"href":"https:\/\/bodegaloscerrosdesanjuan.com\/en\/wp-json\/wp\/v2\/product_cat?post=10935"},{"taxonomy":"product_tag","embeddable":true,"href":"https:\/\/bodegaloscerrosdesanjuan.com\/en\/wp-json\/wp\/v2\/product_tag?post=10935"}],"curies":[{"name":"wp","href":"https:\/\/api.w.org\/{rel}","templated":true}]}}