{"id":11153,"date":"2023-01-16T21:00:35","date_gmt":"2023-01-16T21:00:35","guid":{"rendered":"https:\/\/bodegaloscerrosdesanjuan.com\/?page_id=11153"},"modified":"2023-01-16T21:01:29","modified_gmt":"2023-01-16T21:01:29","slug":"terminos-y-condiciones","status":"publish","type":"page","link":"https:\/\/bodegaloscerrosdesanjuan.com\/en\/terminos-y-condiciones\/","title":{"rendered":"T\u00e9rminos y condiciones"},"content":{"rendered":"<p><span lang=\"es-ES\"><u><b>1. T\u00c9RMINOS Y CONDICIONES<\/b><\/u><\/span><\/p>\n<p align=\"justify\">Los siguientes t\u00e9rminos y condiciones regulan el uso del Sitio de Internet <span style=\"color: #0563c1;\"><u><a href=\"https:\/\/bodegaloscerrosdesanjuan.com\/en\/\">www.bodegaloscerrosdesanjuan.com<\/a><\/u><\/span>, perteneciente a SENFOR S.A. en adelante \u00abel Sitio\u00bb, donde nuestra compa\u00f1\u00eda brinda informaci\u00f3n sobre la Bodega, productos y servicios, tours y eventos, e informaci\u00f3n sobre nuestros vinos.<\/p>\n<p align=\"justify\">Rogamos leer estos t\u00e9rminos y condiciones con suma atenci\u00f3n ya que, el uso del Sitio por su parte, implica su aceptaci\u00f3n absoluta. <i>Algunos servicios y promociones que se ofrecen en el Sitio pueden adem\u00e1s poseer t\u00e9rminos y condiciones especiales que son espec\u00edficos de ese servicio y adicionales de los presentes<\/i>. El acceso al Sitio de la empresa es libre y gratuito, sin necesidad de registraci\u00f3n previa alguna. El titular del Sitio se reserva el derecho a revisar estas Condiciones Generales en cualquier momento, actualizando y \/o modificando esta p\u00e1gina. <i>Si el Usuario no estuviese de acuerdo con estos T\u00e9rminos y Condiciones por favor abstenerse de acceder y utilizar este Sitio. <\/i>La utilizaci\u00f3n del Sitio est\u00e1 expresamente prohibida a menores de 18 a\u00f1os. \u00a0Para acceder a este sitio cuya titularidad pertenece a SENFOR S.A., la persona debe haber cumplido la edad legal para consumo de alcohol en el pa\u00eds desde el cual accede, caso contrario, es menester que salga inmediatamente del sitio web.<\/p>\n<p align=\"justify\">SENFOR S.A requiere para habilitar el ingreso, que el usuario declare \u2013 en car\u00e1cter de declaraci\u00f3n jurada &#8211; si es mayor de 18 a\u00f1os y\/o la edad legal para consumo de alcohol en el pa\u00eds desde el cual el usuario accede al sitio. Ante la imposibilidad real y tecnol\u00f3gica de controlar la edad de los usuarios que ingresan al sitio de Los Cerros de San Juan, cualquier incumplimiento o falsedad respecto los datos ingresados que sea realizado por un menor de 18 a\u00f1os y\/o la edad legal del pa\u00eds que corresponda ser\u00e1 exclusiva responsabilidad del usuario y\/o de sus padres y\/o de sus representantes legales, tutores o encargados.<\/p>\n<p align=\"justify\">Todo el contenido del Sitio, incluyendo pero no limitando a textos, gr\u00e1ficos, fotograf\u00edas, logotipos, marcas, im\u00e1genes, bases de datos as\u00ed como el dise\u00f1o gr\u00e1fico y software son de exclusiva propiedad de SENFOR S.A., y est\u00e1n sujetos a derechos de propiedad intelectual e industrial protegidos por la legislaci\u00f3n nacional e internacional. Por lo tanto queda prohibida la utilizaci\u00f3n de cualquiera de estos elementos incluyendo su reproducci\u00f3n, copia, distribuci\u00f3n, modificaci\u00f3n, alteraci\u00f3n en forma total o parcial. El usuario o visitante del Sitio, se obliga a usar el Sitio de conformidad con estos T\u00e9rminos y Condiciones, en forma diligente, correcta y l\u00edcita y conforme con la moral y las buenas costumbres. El usuario o visitante responder\u00e1 por los da\u00f1os y perjuicios de toda naturaleza que Los Cerros de San Juan pueda sufrir, directa o indirectamente, como consecuencia del incumplimiento de cualquiera de las obligaciones derivadas de estos T\u00e9rminos y Condiciones, de los t\u00e9rminos y condiciones de alg\u00fan servicio en particular que se incluya en el sitio o de la ley aplicable en relaci\u00f3n con la utilizaci\u00f3n del Sitio.<\/p>\n<p align=\"justify\">SENFOR S.A. se reserva el derecho a su exclusiva discreci\u00f3n, de interrumpir, modificar, alterar el contenido y\/o acceso del Sitio, as\u00ed como tambi\u00e9n de excluir al usuario y\/o sus datos ingresados, en cualquier momento y sin previo aviso, ya sea por motivos t\u00e9cnicos, de seguridad, de control, de mantenimiento, por fallos de suministro el\u00e9ctrico o por cualquier otra causa.<\/p>\n<p align=\"justify\">SENFOR S.A. no garantiza ni asume ning\u00fan tipo de responsabilidad por los da\u00f1os y perjuicios sufridos por el acceso al Sitio por parte de terceros a trav\u00e9s de conexiones, v\u00ednculos o links de los sitios enlazados, ni tampoco por enlaces con otros sitios que el usuario o visitante pueda realizar desde el Sitio. SENFOR S.A. tampoco ser\u00e1 responsable por los da\u00f1os y perjuicios que puedan deberse a la presencia de virus o a la de otros elementos lesivos en los contenidos del Sitio.<\/p>\n<p align=\"justify\">En caso de duda o contradicci\u00f3n entre el texto en espa\u00f1ol y los textos en ingl\u00e9s y portugu\u00e9s, prevalecer\u00e1 el texto en espa\u00f1ol.<\/p>\n<p align=\"justify\">Si cualquier disposici\u00f3n del Sitio se tuviera por nula, inv\u00e1lida, inaplicable, inoperante o inoponible, ninguna otra disposici\u00f3n se ver\u00e1 afectada como resultado de ello, y consecuentemente, las disposiciones restantes permanecer\u00e1n en plena vigencia.<\/p>\n<p align=\"justify\">El Usuario acepta voluntariamente que el uso del Sitio Web, de sus servicios y de los Contenidos tiene lugar, en todo caso, bajo su \u00fanica y exclusiva responsabilidad.<\/p>\n<p align=\"justify\"><u><b>I. DATOS PERSONALES DEL USUARIO. REGISTRO EN EL SITIO WEB. <\/b><\/u><\/p>\n<p align=\"justify\">En caso de el sitio web prevea la registraci\u00f3n de los Usuarios, se le pedir\u00e1 que aporte a SENFOR S.A. cierta informaci\u00f3n que incluir\u00e1, entre otras; nombre, documento, tel\u00e9fono, direcci\u00f3n v\u00e1lida de correo electr\u00f3nico (lo que designaremos como su \u201cInformaci\u00f3n\u201d). Adem\u00e1s de los t\u00e9rminos y condiciones que se puedan establecer m\u00e1s adelante por cualquier pol\u00edtica de privacidad de este Sitio Web.<\/p>\n<p align=\"justify\">SENFOR S.A. no revelar\u00e1 a terceras partes su nombre, direcci\u00f3n de correo electr\u00f3nico o el n\u00famero de tel\u00e9fono sin su consentimiento previo, excepto en la medida en que sea necesario para el cumplimiento de las leyes o procedimientos legales vigentes, donde tal informaci\u00f3n sea relevante.<\/p>\n<p align=\"justify\">Toda informaci\u00f3n o dato personal que el Usuario nos proporcione ser\u00e1 utilizada conforme lo establecido en la Secci\u00f3n Pol\u00edtica de Privacidad.<\/p>\n<p align=\"justify\"><u><b>II. V\u00cdNCULOS A OTROS SITIOS. <\/b><\/u><\/p>\n<p align=\"justify\">El Sitio Web contiene v\u00ednculos a sitios web (Facebook \u2013 Instagram \u2013 WhatsApp) cuya informaci\u00f3n, fotos y\/o videos son proporcionados por Los Cerros de San Juan. Los links que SENFOR S.A. facilita son \u00fanicamente para la comodidad del usuario. SENFOR S.A. solo es responsable por las im\u00e1genes, textos y\/o fotos que suba a sus sitios web oficiales y relacionados, no responsabiliz\u00e1ndose por el resto del material y\/o contenido de los sitios web de propiedad de terceros que pudieran estar conectadas mediante enlaces con la web de Los Cerros de San Juan. Si el Usuario decide acceder a sitios web, lo hace a su propio riesgo y bajo su responsabilidad. <i>El chat entre El Usuario y Los Cerros de San Juan es v\u00e1lido como una declaraci\u00f3n de compra, siendo la misma archivada en nuestra base de datos para el caso que el usuario requiera anuncios sobre promociones y\/o descuentos.<\/i><\/p>\n<p align=\"justify\"><u><b>III. INDEMNIDAD.<\/b><\/u><\/p>\n<p align=\"justify\">El usuario acepta defender, indemnizar y mantener indemne a SENFOR S.A., las sociedades vinculadas, sus directivos, empleados y representantes, de y contra cualquier cargo, acci\u00f3n o demanda, incluyendo, pero no limit\u00e1ndose a, los gastos legales razonable, que resulten del uso que el usuario haga del Sitio Web, de los Contenidos y de los Servicios, o bien de la infracci\u00f3n por su parte de estas Condiciones Generales y, en su caso, de las Condiciones Particulares.<\/p>\n<p align=\"justify\">SENFOR S.A. le notificar\u00e1 puntualmente de cualquier demanda, acci\u00f3n o proceso y le asistir\u00e1, a su costa, en su defensa contra cualquier demanda, acci\u00f3n o proceso de esta naturaleza.<\/p>\n<p align=\"justify\"><u><b>IV. PAUTAS GENERALES.<\/b><\/u><\/p>\n<p align=\"justify\">4.1. Los T\u00e9rminos y Condiciones del Sitio se regir\u00e1n e interpretar\u00e1n de acuerdo con las leyes de la Rep\u00fablica Oriental del Uruguay. El Usuario y SENFOR S.A. acuerdan someterse a la jurisdicci\u00f3n de los Tribunales de Colonia del Sacramento, con exclusi\u00f3n de cualquier otro fuero o jurisdicci\u00f3n que pudiera corresponder, para el caso de cualquier divergencia relacionada con el Sitio.<\/p>\n<p align=\"justify\">4.2. La prestaci\u00f3n del servicio de Sitio Web en principio, tiene una duraci\u00f3n indefinida. No obstante ello, SENFOR S.A. est\u00e1 autorizado para dar por terminada o suspender la prestaci\u00f3n del servicio del Sitio Web y\/o de cualquiera de los Contenidos y Servicios en cualquier momento, sin perjuicio de lo que se hubiere dispuesto al respecto en las correspondientes Condiciones Particulares, si las hubiere. SENFOR S.A. se reserva el derecho a su exclusiva discreci\u00f3n, de interrumpir, modificar, alterar el contenido y\/o acceso del Sitio, as\u00ed como tambi\u00e9n de excluir al usuario y\/o sus datos ingresados, en cualquier momento y sin previo aviso, ya sea por motivos t\u00e9cnicos, de seguridad, de control, de mantenimiento, por fallos de suministro el\u00e9ctrico o por cualquier otra causa.<\/p>\n<p align=\"justify\">Cuando ello sea razonablemente posible, SENFOR S.A. comunicar\u00e1 previamente la terminaci\u00f3n o suspensi\u00f3n de la prestaci\u00f3n del servicio del Sitio Web y de los dem\u00e1s Servicios si se prestaren.<\/p>\n<p align=\"justify\">4.3. El Usuario conoce que el uso del Sitio y sus servicios o contenidos est\u00e1 prohibido en todas aquellas jurisdicciones que no reconozcan la efectividad de los presentes T\u00e9rminos y Condiciones.<\/p>\n<p align=\"justify\">4.4. Se encuentra totalmente prohibido copiar, pegar y\/o modificar los presentes t\u00e9rminos y condiciones y\/o los datos, im\u00e1genes y\/o contenidos de la presente p\u00e1gina web.<\/p>\n<p align=\"justify\">Prohibida su venta a menores de 18 a\u00f1os.<\/p>\n<p align=\"justify\"><u><b>2. CONDICIONES DE POL\u00cdTICA DE PRIVACIDAD<\/b><\/u><\/p>\n<p align=\"justify\">La seguridad de los datos personales es una prioridad para Senfor S.A. Este sitio web se esfuerza por ofrecer el m\u00e1s alto nivel de seguridad para lo cual se utiliza tecnolog\u00eda de avanzada. Adherimos a los requerimientos de la Ley Nacional de Protecci\u00f3n de Datos Personales, N\u00b0 18.331 y sus normas complementarias.<\/p>\n<p align=\"justify\">El Usuario podr\u00e1 requerir que dicha informaci\u00f3n le sea suministrada o removida de la base de datos a su requerimiento. A tales efectos deber\u00e1 comunicarse a Bodega los Cerros de San juan, direcci\u00f3n Ruta 21, Km 204 \u2013 Colonia del Sacramento, Uruguay.<\/p>\n<p align=\"justify\">No obstante ello y, a fin de despejar toda duda, queda expresamente convenido que, el ingreso al Sitio por parte del Usuario implica que el Usuario ha prestado su libre consentimiento, expreso e informado para que Senfor S.A recoja, almacene y disponga de sus datos personales.<\/p>\n<p align=\"justify\">Si facilitamos su informaci\u00f3n personal a nuestros proveedores externos de servicios solicitamos a dichas empresas que protejan la informaci\u00f3n y que no la utilicen para ning\u00fan otro fin.<\/p>\n<p align=\"justify\">Senfor S.A no almacena autom\u00e1ticamente ninguna informaci\u00f3n que identifica al Usuario. Sin embargo, el acceso a determinados servicios que se ofrecen en el Sitio puede requerir el ingreso de ciertos datos personales. A saber: direcci\u00f3n de e-mail, nombre, apellido, domicilio completo, tipo y n\u00famero de documento y otros datos opcionales, n\u00famero de tel\u00e9fono, o cualquier otra informaci\u00f3n que permita individualizarlo.<\/p>\n<p align=\"justify\">En todos los casos que el Usuario brinde datos personales, y de acuerdo con la legislaci\u00f3n vigente, el Usuario declara que la informaci\u00f3n brindada es personal y cierta.<\/p>\n<p align=\"justify\">Senfor S.A <i>puede utilizar o no cookies, en caso de utilizarlas, el acceso a la informaci\u00f3n por medio de las cookies, permite ofrecer al Usuario un servicio personalizado, ya que almacenan no s\u00f3lo sus datos personales sino tambi\u00e9n la frecuencia de utilizaci\u00f3n del servicio y las secciones de la red visitadas, reflejando as\u00ed sus h\u00e1bitos y preferencias<\/i>.<\/p>\n<p align=\"justify\">El Usuario tiene la posibilidad de configurar su navegador para ser visado en pantalla de la recepci\u00f3n de cookies y para impedir la instalaci\u00f3n de cookies en su disco r\u00edgido.<\/p>\n<p align=\"justify\">El Usuario responder\u00e1, en cualquier caso, por la veracidad de los datos facilitados, reserv\u00e1ndose Senfor S.A el derecho de excluir a todo Usuario que haya facilitado datos falsos, sin perjuicio de iniciar acciones legales.<\/p>\n<p align=\"justify\">Senfor S.A se reserva el derecho de brindar informaci\u00f3n sobre los datos personales ingresados ante el requerimiento de autoridades judiciales y cuando medien razones fundadas relativas a la seguridad p\u00fablica, la defensa nacional o la salud p\u00fablica.<\/p>\n<p align=\"justify\"><u><b>3. RESERVA Y COMPRA DE PRODUCTOS<\/b><\/u><\/p>\n<p align=\"justify\">AVISO LEGAL Y CONDICIONES GENERALES DE USO<\/p>\n<p align=\"justify\"><b>I. INFORMACI\u00d3N GENERAL. COMPRA DE PRODUCTOS<\/b><\/p>\n<p align=\"justify\">En cumplimiento con el deber de informaci\u00f3n dispuesto en la Ley 34\/2002 de Servicios de la Sociedad de la Informaci\u00f3n y el Comercio Electr\u00f3nico (LSSI-CE) de 11 de julio, se facilitan a continuaci\u00f3n los siguientes datos de informaci\u00f3n general de este sitio web:<\/p>\n<p align=\"justify\">La titularidad de este sitio web, <span style=\"color: #0563c1;\"><u><a href=\"https:\/\/bodegaloscerrosdesanjuan.com\/en\/\">www.bodegaloscerrosdesanjuan.com<\/a><\/u><\/span> , la ostenta: Senfor S.A., con NIF: 212479360010 , y cuyos datos de contacto son:<\/p>\n<p align=\"justify\">Direcci\u00f3n: Ruta 21, Km 204 \u2013 Colonia del Sacramento, UY.<\/p>\n<p align=\"justify\">Tel\u00e9fono de contacto: 4570-70300 Email de contacto: <span style=\"color: #0563c1;\"><u><a href=\"mailto:info@loscerrosdesanjuan.com\">info@loscerrosdesanjuan.com<\/a><\/u><\/span> .<\/p>\n<p align=\"justify\">Los carros de compra efectuados desde la p\u00e1gina de \u201cLos Cerros de San Juan\u201d pertenecen al sitio web <span style=\"color: #0563c1;\"><u><a href=\"http:\/\/www.fenicio.com\/\" target=\"_blank\" rel=\"noopener\">www.fenicio.com<\/a><\/u><\/span> . Toda la informaci\u00f3n ingresada a al sitio se mantiene de forma estrictamente confidencial, ajustada a sus t\u00e9rminos y condiciones y pol\u00edtica de privacidad.<\/p>\n<p align=\"justify\"><b>II. T\u00c9RMINOS Y CONDICIONES GENERALES DE USO<\/b><\/p>\n<p align=\"justify\"><b>RESERVA.<\/b><\/p>\n<p align=\"justify\">Una vez hecha la compra a trav\u00e9s del motor web, <i>recibir\u00e1 un correo electr\u00f3nico confirmando la validez de la misma junto con toda la informaci\u00f3n correspondiente<\/i>. Si no recibe la confirmaci\u00f3n de la reserva o si alg\u00fan dato de la confirmaci\u00f3n es incorrecto, p\u00f3ngase en contacto con <span style=\"color: #0563c1;\"><u><a href=\"mailto:info@bodegaloscerrosdesanjuan.com\">info@bodegaloscerrosdesanjuan.com<\/a><\/u><\/span> .<\/p>\n<p align=\"justify\"><b>III. POL\u00cdTICA DE CANCELACI\u00d3N<\/b><\/p>\n<p align=\"justify\">En el caso en el que se le haya solicitado una tarjeta de garant\u00eda a la hora de realizar la reserva, recibir\u00e1 un mail y un sms donde deber\u00e1 reconfirmar o cancelar la reserva en los enlaces habilitados a tal efecto. Su reserva s\u00f3lo estar\u00e1 garantizada cuando \u00e9sta haya sido reconfirmada.<\/p>\n<p align=\"justify\">Cancelaci\u00f3n: El costo de la cancelaci\u00f3n de la reserva antes de las 24 horas es sin cargo. Pasadas las 24 horas o<i> No Show <\/i>se cobra el 40% como penalidad.<\/p>\n<p align=\"justify\">\u00bfQu\u00e9 datos solicita <span style=\"color: #0563c1;\"><u><a href=\"https:\/\/bodegaloscerrosdesanjuan.com\/en\/\">www.bodegaloscerrosdesanjuan.com<\/a><\/u><\/span> ?<\/p>\n<p align=\"justify\">Informaci\u00f3n necesaria para la compra de productos y servicios.. Esto es nombre, apellido, direcci\u00f3n, tel\u00e9fono, e \u2013 mail, y datos necesarios de acuerdo al medio de pago escogido por el usuario. Toda la informaci\u00f3n se mantiene de forma estrictamente confidencial.<\/p>\n<p align=\"justify\">\u00bfQu\u00e9 datos conserva <span style=\"color: #0563c1;\"><u><a href=\"https:\/\/bodegaloscerrosdesanjuan.com\/en\/\">www.bodegaloscerrosdesanjuan.com<\/a><\/u><\/span> ?<\/p>\n<p align=\"justify\">Conservamos datos personales como nombre, apellido, direcci\u00f3n, e-mail, y datos sobre la compra realizada para informarte sobre promociones y descuentos en los productos y servicios de la p\u00e1gina. El sitio loscerrosdesanjuan.com NO conserva la informaci\u00f3n de su tarjeta de cr\u00e9dito y\/o d\u00e9bito.<\/p>","protected":false},"excerpt":{"rendered":"<p>1. T\u00c9RMINOS Y CONDICIONES Los siguientes t\u00e9rminos y condiciones regulan el uso del Sitio de Internet www.bodegaloscerrosdesanjuan.com, perteneciente a SENFOR<\/p>","protected":false},"author":21,"featured_media":0,"parent":0,"menu_order":0,"comment_status":"closed","ping_status":"closed","template":"","meta":{"footnotes":""},"class_list":["post-11153","page","type-page","status-publish","hentry"],"_links":{"self":[{"href":"https:\/\/bodegaloscerrosdesanjuan.com\/en\/wp-json\/wp\/v2\/pages\/11153","targetHints":{"allow":["GET"]}}],"collection":[{"href":"https:\/\/bodegaloscerrosdesanjuan.com\/en\/wp-json\/wp\/v2\/pages"}],"about":[{"href":"https:\/\/bodegaloscerrosdesanjuan.com\/en\/wp-json\/wp\/v2\/types\/page"}],"author":[{"embeddable":true,"href":"https:\/\/bodegaloscerrosdesanjuan.com\/en\/wp-json\/wp\/v2\/users\/21"}],"replies":[{"embeddable":true,"href":"https:\/\/bodegaloscerrosdesanjuan.com\/en\/wp-json\/wp\/v2\/comments?post=11153"}],"version-history":[{"count":4,"href":"https:\/\/bodegaloscerrosdesanjuan.com\/en\/wp-json\/wp\/v2\/pages\/11153\/revisions"}],"predecessor-version":[{"id":11168,"href":"https:\/\/bodegaloscerrosdesanjuan.com\/en\/wp-json\/wp\/v2\/pages\/11153\/revisions\/11168"}],"wp:attachment":[{"href":"https:\/\/bodegaloscerrosdesanjuan.com\/en\/wp-json\/wp\/v2\/media?parent=11153"}],"curies":[{"name":"wp","href":"https:\/\/api.w.org\/{rel}","templated":true}]}}